{"id":111,"date":"2014-07-21T09:30:53","date_gmt":"2014-07-21T08:30:53","guid":{"rendered":"http:\/\/www.gavick.com\/demo\/wordpress\/events\/?page_id=111"},"modified":"2021-09-02T07:01:10","modified_gmt":"2021-09-02T06:01:10","slug":"noah-land__nuh-tepesi","status":"publish","type":"page","link":"http:\/\/www.cinematurc.com\/festival\/paris\/2020\/events\/31-samedi\/noah-land__nuh-tepesi\/","title":{"rendered":"NOAH LAND (NUH TEPES\u0130)"},"content":{"rendered":"<p>de <strong>Cenk Ert\u00fcrk<\/strong><\/p>\n<p>avec Haluk Bilginer, Ali Atay, Mehmet \u00d6zg\u00fcr<\/p>\n<p><em><strong>Turquie, Allemagne, Etats-Unis, 2018 \u20131h49 \u2013 Drame \u2013 VOST FR<\/strong><\/em><\/p>\n<p style=\"text-align: left;\">Ibrahim a un dernier souhait : \u00eatre enterr\u00e9 au pied de l&rsquo;arbre qu&rsquo;il a plant\u00e9 dans son village natal. Son fils \u00d6mer promet d&rsquo;honorer le v\u0153u de son p\u00e8re mourant et accepte de l\u2019y conduire.\u00a0 \u00a0 \u00a0 \u00a0 \u00a0 \u00a0 \u00a0 \u00a0 Cependant, une fois arriv\u00e9s, les habitants du village s&rsquo;y opposent car, entre temps, l&rsquo;arbre est devenu un symbole sacr\u00e9. En effet les villageois croient que cet arbre a \u00e9t\u00e9 plant\u00e9 par le proph\u00e8te No\u00e9. \u00d6mer, est alors plong\u00e9 dans une situation complexe o\u00f9 il porte le poids de cette bataille tout en restant confront\u00e9 \u00e0 des conflits non r\u00e9solus avec son p\u00e8re.<\/p>\n<p><em>Festival de film d\u2019Adana &#8211; Prix du meilleur r\u00e9alisateur, Prix du meilleur film, Prix de la meilleure cin\u00e9matographie<\/em><\/p>\n<p><em>Festival de film de Bosphore &#8211; Prix du meilleur acteur<\/em><\/p>\n<p><em>Festival de film de Tribeca- Comp\u00e9tition internationale de narration &#8211; Prix du\u00a0\u00a0 meilleur acteur, Comp\u00e9tition internationale de narration &#8211; Prix du meilleur sc\u00e9nario<\/em><\/p>\n","protected":false},"excerpt":{"rendered":"<p>de Cenk Ert\u00fcrk avec Haluk Bilginer, Ali Atay, Mehmet \u00d6zg\u00fcr Turquie, Allemagne, Etats-Unis, 2018 \u20131h49 \u2013 Drame \u2013 VOST FR Ibrahim a un dernier souhait : \u00eatre enterr\u00e9 au pied de l&rsquo;arbre qu&rsquo;il a plant\u00e9 dans son village natal. Son fils \u00d6mer promet d&rsquo;honorer le v\u0153u de son p\u00e8re mourant et accepte de l\u2019y conduire.\u00a0&hellip;<\/p>\n","protected":false},"author":170,"featured_media":1556,"parent":107,"menu_order":3,"comment_status":"closed","ping_status":"closed","template":"template.event.php","meta":[],"_links":{"self":[{"href":"http:\/\/www.cinematurc.com\/festival\/paris\/2020\/wp-json\/wp\/v2\/pages\/111"}],"collection":[{"href":"http:\/\/www.cinematurc.com\/festival\/paris\/2020\/wp-json\/wp\/v2\/pages"}],"about":[{"href":"http:\/\/www.cinematurc.com\/festival\/paris\/2020\/wp-json\/wp\/v2\/types\/page"}],"author":[{"embeddable":true,"href":"http:\/\/www.cinematurc.com\/festival\/paris\/2020\/wp-json\/wp\/v2\/users\/170"}],"replies":[{"embeddable":true,"href":"http:\/\/www.cinematurc.com\/festival\/paris\/2020\/wp-json\/wp\/v2\/comments?post=111"}],"version-history":[{"count":1,"href":"http:\/\/www.cinematurc.com\/festival\/paris\/2020\/wp-json\/wp\/v2\/pages\/111\/revisions"}],"predecessor-version":[{"id":1923,"href":"http:\/\/www.cinematurc.com\/festival\/paris\/2020\/wp-json\/wp\/v2\/pages\/111\/revisions\/1923"}],"up":[{"embeddable":true,"href":"http:\/\/www.cinematurc.com\/festival\/paris\/2020\/wp-json\/wp\/v2\/pages\/107"}],"wp:featuredmedia":[{"embeddable":true,"href":"http:\/\/www.cinematurc.com\/festival\/paris\/2020\/wp-json\/wp\/v2\/media\/1556"}],"wp:attachment":[{"href":"http:\/\/www.cinematurc.com\/festival\/paris\/2020\/wp-json\/wp\/v2\/media?parent=111"}],"curies":[{"name":"wp","href":"https:\/\/api.w.org\/{rel}","templated":true}]}}