{"id":579,"date":"2015-03-02T18:33:34","date_gmt":"2015-03-02T17:33:34","guid":{"rendered":"http:\/\/www.cinematurc.com\/festival\/paris\/2016\/?page_id=579"},"modified":"2021-09-02T07:02:56","modified_gmt":"2021-09-02T06:02:56","slug":"la-belle-indifference__kucuk-seyler","status":"publish","type":"page","link":"http:\/\/www.cinematurc.com\/festival\/paris\/2020\/events\/08-dimanche\/la-belle-indifference__kucuk-seyler\/","title":{"rendered":"LA BELLE INDIFFERENCE (K\u00dc\u00c7\u00dcK \u015eEYLER)"},"content":{"rendered":"<p>de <strong>K\u0131van\u00e7 Sezer<\/strong><\/p>\n<p>avec Alican Y\u00fccesoy, Ba\u015fak \u00d6zcan, B\u00fclent Emrah Parlak<\/p>\n<p><em><strong>Turquie &#8211; 2019 &#8211; 1h34 &#8211; Drame, Com\u00e9die &#8211; VOST FR<\/strong><\/em><\/p>\n<p>\u00ab La belle indiff\u00e9rence \u00bb raconte l\u2019histoire d\u2019un jeune couple. Onur, un col blanc et Bahar, une institutrice, habitent \u00e0 Istanbul. Un jour, Onur est licenci\u00e9 et la vie du couple, affect\u00e9e par cette situation, change. Onur ne se soucie pas trop d&rsquo;\u00eatre au ch\u00f4mage, mais on ne peut pas en dire autant de sa femme Bahar. Onur ne l&rsquo;\u00e9coute pas et devient indiff\u00e9rent non seulement \u00e0 ses\u00a0 \u00a0 \u00a0 \u00a0 \u00a0 angoisses mais aussi au monde qui l&rsquo;entoure. Un drame avec des touches de com\u00e9die absurde.<\/p>\n<p><em>Festival de film d\u2019Adana- Prix du meilleur sc\u00e9nario, Prix du meilleur acteur, Prix de la meilleure prometteuse actrice<\/em><\/p>\n<p><em>Festival de film d\u2019Antalya- Prix de Cahide Songu, Prix du Jury Dr. Avni Tolunay<\/em><\/p>\n","protected":false},"excerpt":{"rendered":"<p>de K\u0131van\u00e7 Sezer avec Alican Y\u00fccesoy, Ba\u015fak \u00d6zcan, B\u00fclent Emrah Parlak Turquie &#8211; 2019 &#8211; 1h34 &#8211; Drame, Com\u00e9die &#8211; VOST FR \u00ab La belle indiff\u00e9rence \u00bb raconte l\u2019histoire d\u2019un jeune couple. Onur, un col blanc et Bahar, une institutrice, habitent \u00e0 Istanbul. Un jour, Onur est licenci\u00e9 et la vie du couple, affect\u00e9e par&hellip;<\/p>\n","protected":false},"author":170,"featured_media":1569,"parent":799,"menu_order":1,"comment_status":"closed","ping_status":"closed","template":"template.event.php","meta":[],"_links":{"self":[{"href":"http:\/\/www.cinematurc.com\/festival\/paris\/2020\/wp-json\/wp\/v2\/pages\/579"}],"collection":[{"href":"http:\/\/www.cinematurc.com\/festival\/paris\/2020\/wp-json\/wp\/v2\/pages"}],"about":[{"href":"http:\/\/www.cinematurc.com\/festival\/paris\/2020\/wp-json\/wp\/v2\/types\/page"}],"author":[{"embeddable":true,"href":"http:\/\/www.cinematurc.com\/festival\/paris\/2020\/wp-json\/wp\/v2\/users\/170"}],"replies":[{"embeddable":true,"href":"http:\/\/www.cinematurc.com\/festival\/paris\/2020\/wp-json\/wp\/v2\/comments?post=579"}],"version-history":[{"count":1,"href":"http:\/\/www.cinematurc.com\/festival\/paris\/2020\/wp-json\/wp\/v2\/pages\/579\/revisions"}],"predecessor-version":[{"id":1935,"href":"http:\/\/www.cinematurc.com\/festival\/paris\/2020\/wp-json\/wp\/v2\/pages\/579\/revisions\/1935"}],"up":[{"embeddable":true,"href":"http:\/\/www.cinematurc.com\/festival\/paris\/2020\/wp-json\/wp\/v2\/pages\/799"}],"wp:featuredmedia":[{"embeddable":true,"href":"http:\/\/www.cinematurc.com\/festival\/paris\/2020\/wp-json\/wp\/v2\/media\/1569"}],"wp:attachment":[{"href":"http:\/\/www.cinematurc.com\/festival\/paris\/2020\/wp-json\/wp\/v2\/media?parent=579"}],"curies":[{"name":"wp","href":"https:\/\/api.w.org\/{rel}","templated":true}]}}