{"id":804,"date":"2015-03-02T18:38:24","date_gmt":"2015-03-02T17:38:24","guid":{"rendered":"http:\/\/www.cinematurc.com\/festival\/paris\/2016\/?page_id=804"},"modified":"2021-09-02T07:08:57","modified_gmt":"2021-09-02T06:08:57","slug":"passed-by-censor__gorulmustur","status":"publish","type":"page","link":"http:\/\/www.cinematurc.com\/festival\/paris\/2020\/events\/08-dimanche\/passed-by-censor__gorulmustur\/","title":{"rendered":"PASSED BY CENSOR (G\u00d6R\u00dcLM\u00dc\u015eT\u00dcR)"},"content":{"rendered":"<p>de<strong> Serhat Karaaslan<\/strong><\/p>\n<p>avec Saadet I\u015f\u0131l Aksoy, Berkay Ate\u015f<\/p>\n<p><em><strong>Turquie 2019 \u2013 1h36 &#8211; Drame &#8211; VOST FR<\/strong><\/em><\/p>\n<p>Le film raconte l\u2019histoire de Zakir, un homme qui travaille en prison en tant que contr\u00f4leur du courrier et va devenir obs\u00e9d\u00e9 par une femme. Toutes les lettres envoy\u00e9es aux d\u00e9tenus sont\u00a0 \u00a0 \u00a0 \u00a0 v\u00e9rifi\u00e9es par Zakir, ainsi que par deux autres contr\u00f4leurs. Un jour, une photo attach\u00e9e \u00e0 une lettre attire son attention. La photo d\u2019une femme jeune et belle, Selma. Zakir d\u00e9cide de la voler, un acte qui ne restera pas sans cons\u00e9quences.<\/p>\n<p><em>30<sup>e<\/sup> Festival international de film d\u2019Ankara- Prix du meilleur sc\u00e9nario, Prix du meilleur acteur, Prix de la meilleure actrice dans un second r\u00f4le, SIYAD Prix du meilleur film<\/em><\/p>\n","protected":false},"excerpt":{"rendered":"<p>de Serhat Karaaslan avec Saadet I\u015f\u0131l Aksoy, Berkay Ate\u015f Turquie 2019 \u2013 1h36 &#8211; Drame &#8211; VOST FR Le film raconte l\u2019histoire de Zakir, un homme qui travaille en prison en tant que contr\u00f4leur du courrier et va devenir obs\u00e9d\u00e9 par une femme. Toutes les lettres envoy\u00e9es aux d\u00e9tenus sont\u00a0 \u00a0 \u00a0 \u00a0 v\u00e9rifi\u00e9es par&hellip;<\/p>\n","protected":false},"author":170,"featured_media":1550,"parent":799,"menu_order":2,"comment_status":"closed","ping_status":"closed","template":"template.event.php","meta":[],"_links":{"self":[{"href":"http:\/\/www.cinematurc.com\/festival\/paris\/2020\/wp-json\/wp\/v2\/pages\/804"}],"collection":[{"href":"http:\/\/www.cinematurc.com\/festival\/paris\/2020\/wp-json\/wp\/v2\/pages"}],"about":[{"href":"http:\/\/www.cinematurc.com\/festival\/paris\/2020\/wp-json\/wp\/v2\/types\/page"}],"author":[{"embeddable":true,"href":"http:\/\/www.cinematurc.com\/festival\/paris\/2020\/wp-json\/wp\/v2\/users\/170"}],"replies":[{"embeddable":true,"href":"http:\/\/www.cinematurc.com\/festival\/paris\/2020\/wp-json\/wp\/v2\/comments?post=804"}],"version-history":[{"count":1,"href":"http:\/\/www.cinematurc.com\/festival\/paris\/2020\/wp-json\/wp\/v2\/pages\/804\/revisions"}],"predecessor-version":[{"id":1936,"href":"http:\/\/www.cinematurc.com\/festival\/paris\/2020\/wp-json\/wp\/v2\/pages\/804\/revisions\/1936"}],"up":[{"embeddable":true,"href":"http:\/\/www.cinematurc.com\/festival\/paris\/2020\/wp-json\/wp\/v2\/pages\/799"}],"wp:featuredmedia":[{"embeddable":true,"href":"http:\/\/www.cinematurc.com\/festival\/paris\/2020\/wp-json\/wp\/v2\/media\/1550"}],"wp:attachment":[{"href":"http:\/\/www.cinematurc.com\/festival\/paris\/2020\/wp-json\/wp\/v2\/media?parent=804"}],"curies":[{"name":"wp","href":"https:\/\/api.w.org\/{rel}","templated":true}]}}