{"id":156,"date":"2014-07-21T19:20:49","date_gmt":"2014-07-21T18:20:49","guid":{"rendered":"http:\/\/www.gavick.com\/demo\/wordpress\/events\/?page_id=156"},"modified":"2021-09-02T07:20:45","modified_gmt":"2021-09-02T06:20:45","slug":"mairie-de-paris","status":"publish","type":"page","link":"https:\/\/www.cinematurc.com\/festival\/paris\/2021\/partenaires\/mairie-de-paris\/","title":{"rendered":"Mairie de Paris"},"content":{"rendered":"<p>Paris, capitale du cin\u00e9ma, est attach\u00e9 \u00e0 la diversit\u00e9 des \u00e9critures et des formes\u00a0cin\u00e9matographiques. La Mairie de Paris encourage la cr\u00e9ation, de la production (soutien aux courts m\u00e9trages,accueil des tournages) \u00e0 la salle de cin\u00e9ma (soutien aux salles art et essai ind\u00e9pendantes,\u00a0festivals, Forum des images). Cette volont\u00e9 politique s\u2019inscrit dans une perspective d\u2019\u00e9ducation \u00e0 l\u2019image\u00a0et d\u2019am\u00e9nagement culturel du territoire.<\/p>\n","protected":false},"excerpt":{"rendered":"<p>Paris, capitale du cin\u00e9ma, est attach\u00e9 \u00e0 la diversit\u00e9 des \u00e9critures et des formes\u00a0cin\u00e9matographiques. La Mairie de Paris encourage la cr\u00e9ation, de la production (soutien aux courts m\u00e9trages,accueil des tournages) \u00e0 la salle de cin\u00e9ma (soutien aux salles art et essai ind\u00e9pendantes,\u00a0festivals, Forum des images). Cette volont\u00e9 politique s\u2019inscrit dans une perspective d\u2019\u00e9ducation \u00e0 l\u2019image\u00a0et&hellip;<\/p>\n","protected":false},"author":170,"featured_media":1966,"parent":77,"menu_order":1,"comment_status":"closed","ping_status":"closed","template":"template.sponsor.php","meta":[],"_links":{"self":[{"href":"https:\/\/www.cinematurc.com\/festival\/paris\/2021\/wp-json\/wp\/v2\/pages\/156"}],"collection":[{"href":"https:\/\/www.cinematurc.com\/festival\/paris\/2021\/wp-json\/wp\/v2\/pages"}],"about":[{"href":"https:\/\/www.cinematurc.com\/festival\/paris\/2021\/wp-json\/wp\/v2\/types\/page"}],"author":[{"embeddable":true,"href":"https:\/\/www.cinematurc.com\/festival\/paris\/2021\/wp-json\/wp\/v2\/users\/170"}],"replies":[{"embeddable":true,"href":"https:\/\/www.cinematurc.com\/festival\/paris\/2021\/wp-json\/wp\/v2\/comments?post=156"}],"version-history":[{"count":0,"href":"https:\/\/www.cinematurc.com\/festival\/paris\/2021\/wp-json\/wp\/v2\/pages\/156\/revisions"}],"up":[{"embeddable":true,"href":"https:\/\/www.cinematurc.com\/festival\/paris\/2021\/wp-json\/wp\/v2\/pages\/77"}],"wp:featuredmedia":[{"embeddable":true,"href":"https:\/\/www.cinematurc.com\/festival\/paris\/2021\/wp-json\/wp\/v2\/media\/1966"}],"wp:attachment":[{"href":"https:\/\/www.cinematurc.com\/festival\/paris\/2021\/wp-json\/wp\/v2\/media?parent=156"}],"curies":[{"name":"wp","href":"https:\/\/api.w.org\/{rel}","templated":true}]}}