{"id":1790,"date":"2020-09-13T13:57:18","date_gmt":"2020-09-13T12:57:18","guid":{"rendered":"http:\/\/www.cinematurc.com\/festival\/paris\/2021\/?page_id=1790"},"modified":"2021-09-08T15:43:13","modified_gmt":"2021-09-08T14:43:13","slug":"amour-magie-etc_02","status":"publish","type":"page","link":"https:\/\/www.cinematurc.com\/festival\/paris\/2021\/agenda\/25-samedi\/amour-magie-etc_02\/","title":{"rendered":"AMOUR, MAGIE ETC. (A\u015eK, B\u00dcY\u00dc VS.)"},"content":{"rendered":"<div class=\"kvgmc6g5 cxmmr5t8 oygrvhab hcukyx3x c1et5uql\">de \u00dcmit \u00dcnal<\/div>\n<div class=\"o9v6fnle cxmmr5t8 oygrvhab hcukyx3x c1et5uql\">avec Ece Dizdar, Selen U\u00e7er, Ay\u015fenil \u015eamlio\u011flu, Emrah Kolukisa, Uygar \u00d6z\u00e7elik, Damla Ersan, Murat Toprak, Tongu\u00e7 Radar, \u015eirzat Bilallar<\/div>\n<div class=\"o9v6fnle cxmmr5t8 oygrvhab hcukyx3x c1et5uql\">Turquie, 2019 \u2013 96&prime; &#8211; VOST<\/div>\n<div class=\"o9v6fnle cxmmr5t8 oygrvhab hcukyx3x c1et5uql\">Love, Spell, etc. est l&rsquo;histoire de deux femmes qui remettent en question leur croyance en l&rsquo;amour. Eren et Reyhan ont eu une histoire d&rsquo;amour \u00e0 B\u00fcy\u00fckada quand elles avaient 16-17 ans. Lorsque leur relation a \u00e9t\u00e9 d\u00e9voil\u00e9e, la famille d&rsquo;Eren les a forc\u00e9s \u00e0 se s\u00e9parer. Le film commence vingt ans plus tard, quand Eren retourne \u00e0 B\u00fcy\u00fckada. Deux femmes partent en excursion \u00e0 B\u00fcy\u00fckada \u00e0 la recherche d&rsquo;un ancien amour, d&rsquo;une ancienne magie.<\/div>\n<div class=\"o9v6fnle cxmmr5t8 oygrvhab hcukyx3x c1et5uql\"><\/div>\n","protected":false},"excerpt":{"rendered":"<p>de \u00dcmit \u00dcnal avec Ece Dizdar, Selen U\u00e7er, Ay\u015fenil \u015eamlio\u011flu, Emrah Kolukisa, Uygar \u00d6z\u00e7elik, Damla Ersan, Murat Toprak, Tongu\u00e7 Radar, \u015eirzat Bilallar Turquie, 2019 \u2013 96&prime; &#8211; VOST Love, Spell, etc. est l&rsquo;histoire de deux femmes qui remettent en question leur croyance en l&rsquo;amour. Eren et Reyhan ont eu une histoire d&rsquo;amour \u00e0 B\u00fcy\u00fckada quand&hellip;<\/p>\n","protected":false},"author":171,"featured_media":1815,"parent":789,"menu_order":2,"comment_status":"closed","ping_status":"closed","template":"template.event.php","meta":[],"_links":{"self":[{"href":"https:\/\/www.cinematurc.com\/festival\/paris\/2021\/wp-json\/wp\/v2\/pages\/1790"}],"collection":[{"href":"https:\/\/www.cinematurc.com\/festival\/paris\/2021\/wp-json\/wp\/v2\/pages"}],"about":[{"href":"https:\/\/www.cinematurc.com\/festival\/paris\/2021\/wp-json\/wp\/v2\/types\/page"}],"author":[{"embeddable":true,"href":"https:\/\/www.cinematurc.com\/festival\/paris\/2021\/wp-json\/wp\/v2\/users\/171"}],"replies":[{"embeddable":true,"href":"https:\/\/www.cinematurc.com\/festival\/paris\/2021\/wp-json\/wp\/v2\/comments?post=1790"}],"version-history":[{"count":1,"href":"https:\/\/www.cinematurc.com\/festival\/paris\/2021\/wp-json\/wp\/v2\/pages\/1790\/revisions"}],"predecessor-version":[{"id":2162,"href":"https:\/\/www.cinematurc.com\/festival\/paris\/2021\/wp-json\/wp\/v2\/pages\/1790\/revisions\/2162"}],"up":[{"embeddable":true,"href":"https:\/\/www.cinematurc.com\/festival\/paris\/2021\/wp-json\/wp\/v2\/pages\/789"}],"wp:featuredmedia":[{"embeddable":true,"href":"https:\/\/www.cinematurc.com\/festival\/paris\/2021\/wp-json\/wp\/v2\/media\/1815"}],"wp:attachment":[{"href":"https:\/\/www.cinematurc.com\/festival\/paris\/2021\/wp-json\/wp\/v2\/media?parent=1790"}],"curies":[{"name":"wp","href":"https:\/\/api.w.org\/{rel}","templated":true}]}}