{"id":2,"date":"2014-12-21T19:54:12","date_gmt":"2014-12-21T18:54:12","guid":{"rendered":"http:\/\/www.cinematurc.com\/festival\/paris\/2021\/?page_id=2"},"modified":"2021-09-02T08:21:16","modified_gmt":"2021-09-02T07:21:16","slug":"cinema-le-louxor","status":"publish","type":"page","link":"https:\/\/www.cinematurc.com\/festival\/paris\/2021\/partenaires\/cinema-le-louxor\/","title":{"rendered":"Cin\u00e9ma Le Louxor"},"content":{"rendered":"<p>Situ\u00e9 dans le 10e arrondissement de Paris, \u00e0 l\u2019angle du boulevard de la Chapelle et du boulevard de Magenta, le cin\u00e9ma est \u00e9difi\u00e9 en 1921, \u00e0 l\u2019emplacement d\u2019un immeuble haussmannien, par l\u2019architecte Henri Zipcy pour le compte de l\u2019homme d\u2019affaire, Henry Silberberg.<\/p>\n<p>Inaugur\u00e9 le 6 octobre 1921, rare rescap\u00e9 des cin\u00e9mas d\u2019avant-guerre, le Louxor est un remarquable exemple de l\u2019architecture antique des ann\u00e9es 1920. La fa\u00e7ade n\u00e9o-\u00e9gyptienne -dont il tire son nom en r\u00e9f\u00e9rence \u00e0 la ville de Louxor &#8211; et les toitures de ce b\u00e2timent ont \u00e9t\u00e9 inscrites \u00e0 l\u2019inventaire suppl\u00e9mentaire des monuments historiques le 5 octobre 1981. Les mosa\u00efques multicolores de la fa\u00e7ade (bleu cobalt, noir et or), \u0153uvre du d\u00e9corateur Am\u00e9d\u00e9e Tiberti. Aux motifs floraux s\u2019ajoutent, scobras et, au-dessus de la petite terrasse, un grand disque ail\u00e9. La salle avec ses deux balcons offre alors 1 195 places.<\/p>\n<p>Le Louxor est rapidement int\u00e9gr\u00e9 au r\u00e9seau des cin\u00e9mas Lut\u00e9tia qui, pendant les ann\u00e9es 1920, jouent un r\u00f4le de premier plan dans l\u2019exploitation cin\u00e9matographique avec les cin\u00e9mas Aubert. Le r\u00e9seau Lut\u00e9tia dispose de treize salles \u00e0 Paris en 1924, dont les tr\u00e8s prestigieux Lut\u00e9tia-Wagram (ouvert en 1913) et Royal-Wagram (ouvert en 1918). En 1929, la vingtaine d\u2019\u00e9tablissements du groupe est reprise par la soci\u00e9t\u00e9 Path\u00e9 qui l&rsquo;adapte au cin\u00e9ma sonore.<\/p>\n<p>Le Louxor, comme tant de salles de quartier, subit les cons\u00e9quences du d\u00e9clin de fr\u00e9quentation qui s\u2019amorce d\u00e8s la fin des ann\u00e9es 1950, obligeant le cin\u00e9ma \u00e0 se renouveler et les exploitants \u00e0 moderniser leurs salles. Couleur, cin\u00e9mascope, qualit\u00e9 du son, le Louxor suit le mouvement et s\u2019adapte. S&rsquo;il conserve au cours des ann\u00e9es sa structure originelle et poss\u00e8de encore une vaste salle avec deux niveaux de balcon, il a subi plusieurs transformations, notamment en 1954 et 1964.<\/p>\n<p>La programmation, elle aussi, doit s\u2019adapter aux changements sociologiques et au go\u00fbt du public qui le fr\u00e9quente. Longtemps cin\u00e9ma populaire qui passe aussi bien les succ\u00e8s fran\u00e7ais grand public que les films am\u00e9ricains, le Louxor choisit de projeter \u00e0 partir des ann\u00e9es 1970 des films \u00ab exotiques \u00bb (indiens, \u00e9gyptiens par exemple) en version originale, susceptibles d\u2019attirer une population immigr\u00e9e en nombre croissant dans le nord-est de Paris ainsi que du porno soft7. En 1976, la projection du film Chronique des ann\u00e9es de braise devient un \u00e9v\u00e8nement culturel et social pour le quartier.<\/p>\n<p>Le 29 novembre 1983, c&rsquo;est la derni\u00e8re s\u00e9ance du Louxor puis Path\u00e9 vend le b\u00e2timent \u00e0 la soci\u00e9t\u00e9 Tati qui souhaite y implanter un commerce et emp\u00eacher qu&rsquo;un concurrent ne s\u2019y installe. Faute de ne pouvoir modifier la fa\u00e7ade, le projet \u00e9choue et Tati c\u00e8de la g\u00e9rance \u00e0 des projets d\u2019exploitation de bo\u00eetes de nuit au milieu des ann\u00e9es 1980 : d&rsquo;abord bo\u00eete de nuit antillaise baptis\u00e9e La D\u00e9robade, il devient en ao\u00fbt 1987 la plus grande discoth\u00e8que gay de la capitale sous le nom de Megatown. Celle-ci ferme en 1988, peu avant la mort de son cr\u00e9ateur David Girard en 1990, et le b\u00e2timent est laiss\u00e9 \u00e0 l&rsquo;abandon. Le Louxor &#8211; Palais du cin\u00e9ma va conna\u00eetre alors une longue \u00e9clipse.<\/p>\n<p>\u00c0 partir de 2001, des associations de quartier &#8211; parmi lesquelles Action Barb\u00e8s &#8211; se mobilisent pour sauver ce patrimoine de la ruine. Leur revendication est double : que la ville de Paris rach\u00e8te le Louxor et le rende \u00e0 sa vocation culturelle. Apr\u00e8s deux ans de mobilisation, la municipalit\u00e9 parisienne parvient \u00e0 trouver un accord avec la soci\u00e9t\u00e9 Tati et ach\u00e8te le b\u00e2timent le 25 juillet 2003. En 2008, l\u2019architecte Philippe Pumainest d\u00e9sign\u00e9 pour mener une op\u00e9ration de r\u00e9habilitation dont les travaux commencent dans le courant 2010, pour une ouverture pr\u00e9vue au printemps 2013. La date de l&rsquo;inauguration est finalement fix\u00e9e au 17 avril 2013 et l&rsquo;ouverture le 18 avril 2013 avec au programme les films The Grandmaster de Wong Kar-wai, No de Pablo Larra\u00edn, Free Angela de Shola Lynn et Le repenti de Merzak Allouache.<\/p>\n","protected":false},"excerpt":{"rendered":"<p>Situ\u00e9 dans le 10e arrondissement de Paris, \u00e0 l\u2019angle du boulevard de la Chapelle et du boulevard de Magenta, le cin\u00e9ma est \u00e9difi\u00e9 en 1921, \u00e0 l\u2019emplacement d\u2019un immeuble haussmannien, par l\u2019architecte Henri Zipcy pour le compte de l\u2019homme d\u2019affaire, Henry Silberberg. Inaugur\u00e9 le 6 octobre 1921, rare rescap\u00e9 des cin\u00e9mas d\u2019avant-guerre, le Louxor est&hellip;<\/p>\n","protected":false},"author":170,"featured_media":0,"parent":77,"menu_order":5,"comment_status":"closed","ping_status":"closed","template":"","meta":[],"_links":{"self":[{"href":"https:\/\/www.cinematurc.com\/festival\/paris\/2021\/wp-json\/wp\/v2\/pages\/2"}],"collection":[{"href":"https:\/\/www.cinematurc.com\/festival\/paris\/2021\/wp-json\/wp\/v2\/pages"}],"about":[{"href":"https:\/\/www.cinematurc.com\/festival\/paris\/2021\/wp-json\/wp\/v2\/types\/page"}],"author":[{"embeddable":true,"href":"https:\/\/www.cinematurc.com\/festival\/paris\/2021\/wp-json\/wp\/v2\/users\/170"}],"replies":[{"embeddable":true,"href":"https:\/\/www.cinematurc.com\/festival\/paris\/2021\/wp-json\/wp\/v2\/comments?post=2"}],"version-history":[{"count":1,"href":"https:\/\/www.cinematurc.com\/festival\/paris\/2021\/wp-json\/wp\/v2\/pages\/2\/revisions"}],"predecessor-version":[{"id":2153,"href":"https:\/\/www.cinematurc.com\/festival\/paris\/2021\/wp-json\/wp\/v2\/pages\/2\/revisions\/2153"}],"up":[{"embeddable":true,"href":"https:\/\/www.cinematurc.com\/festival\/paris\/2021\/wp-json\/wp\/v2\/pages\/77"}],"wp:attachment":[{"href":"https:\/\/www.cinematurc.com\/festival\/paris\/2021\/wp-json\/wp\/v2\/media?parent=2"}],"curies":[{"name":"wp","href":"https:\/\/api.w.org\/{rel}","templated":true}]}}