{"id":671,"date":"2014-07-21T20:03:31","date_gmt":"2014-07-21T19:03:31","guid":{"rendered":"http:\/\/www.gavick.com\/demo\/wordpress\/events\/?page_id=223"},"modified":"2021-09-08T15:46:58","modified_gmt":"2021-09-08T14:46:58","slug":"robinson","status":"publish","type":"page","link":"https:\/\/www.cinematurc.com\/festival\/paris\/2021\/agenda\/19-dimanche\/robinson\/","title":{"rendered":"M\u0130MARO\u011eLU : LE ROB\u0130NSON DE L&rsquo;\u00ceLE DE MANHATTAN (Mimaro\u011flu: The Robinson of Manhattan Island)"},"content":{"rendered":"<p>R\u00e9alisateur : Serdar K\u00f6k\u00e7eo\u011flu<\/p>\n<p>Turquie, \u00c9tats-Unis \/ 2020 \/ 1h16<\/p>\n<p>Mimaro\u011flu raconte l&rsquo;histoire de deux esprits libres, dont le l\u00e9gendaire compositeur de musique \u00e9lectronique \u0130lhan Mimaro\u011flu et sa femme, son h\u00e9ros, Gungor Mimaro\u011flu, qui ont immigr\u00e9 aux \u00c9tats-Unis dans les ann\u00e9es 1960. En utilisant les archives personnelles du couple, le documentaire r\u00e9v\u00e8le le portrait de \u0130lhan Mimaro\u011flu en tant qu&rsquo;artiste radical, tout en se concentrant sur la relation forte et inspirante du couple qui s&rsquo;\u00e9panouit au milieu d&rsquo;un drame familial.<\/p>\n<p>&nbsp;<\/p>\n","protected":false},"excerpt":{"rendered":"<p>R\u00e9alisateur : Serdar K\u00f6k\u00e7eo\u011flu Turquie, \u00c9tats-Unis \/ 2020 \/ 1h16 Mimaro\u011flu raconte l&rsquo;histoire de deux esprits libres, dont le l\u00e9gendaire compositeur de musique \u00e9lectronique \u0130lhan Mimaro\u011flu et sa femme, son h\u00e9ros, Gungor Mimaro\u011flu, qui ont immigr\u00e9 aux \u00c9tats-Unis dans les ann\u00e9es 1960. En utilisant les archives personnelles du couple, le documentaire r\u00e9v\u00e8le le portrait de&hellip;<\/p>\n","protected":false},"author":170,"featured_media":1822,"parent":209,"menu_order":2,"comment_status":"closed","ping_status":"closed","template":"template.event.php","meta":[],"_links":{"self":[{"href":"https:\/\/www.cinematurc.com\/festival\/paris\/2021\/wp-json\/wp\/v2\/pages\/671"}],"collection":[{"href":"https:\/\/www.cinematurc.com\/festival\/paris\/2021\/wp-json\/wp\/v2\/pages"}],"about":[{"href":"https:\/\/www.cinematurc.com\/festival\/paris\/2021\/wp-json\/wp\/v2\/types\/page"}],"author":[{"embeddable":true,"href":"https:\/\/www.cinematurc.com\/festival\/paris\/2021\/wp-json\/wp\/v2\/users\/170"}],"replies":[{"embeddable":true,"href":"https:\/\/www.cinematurc.com\/festival\/paris\/2021\/wp-json\/wp\/v2\/comments?post=671"}],"version-history":[{"count":1,"href":"https:\/\/www.cinematurc.com\/festival\/paris\/2021\/wp-json\/wp\/v2\/pages\/671\/revisions"}],"predecessor-version":[{"id":2165,"href":"https:\/\/www.cinematurc.com\/festival\/paris\/2021\/wp-json\/wp\/v2\/pages\/671\/revisions\/2165"}],"up":[{"embeddable":true,"href":"https:\/\/www.cinematurc.com\/festival\/paris\/2021\/wp-json\/wp\/v2\/pages\/209"}],"wp:featuredmedia":[{"embeddable":true,"href":"https:\/\/www.cinematurc.com\/festival\/paris\/2021\/wp-json\/wp\/v2\/media\/1822"}],"wp:attachment":[{"href":"https:\/\/www.cinematurc.com\/festival\/paris\/2021\/wp-json\/wp\/v2\/media?parent=671"}],"curies":[{"name":"wp","href":"https:\/\/api.w.org\/{rel}","templated":true}]}}