{"id":1324,"date":"2018-03-13T01:13:47","date_gmt":"2018-03-13T00:13:47","guid":{"rendered":"https:\/\/www.cinematurc.com\/festival\/paris\/2022\/?page_id=1324"},"modified":"2022-03-02T16:52:48","modified_gmt":"2022-03-02T15:52:48","slug":"bilmemek-not-knowing","status":"publish","type":"page","link":"https:\/\/www.cinematurc.com\/festival\/paris\/2022\/agenda\/09-samedi\/bilmemek-not-knowing\/","title":{"rendered":"Bilmemek (Not Knowing)"},"content":{"rendered":"<div class=\"kvgmc6g5 cxmmr5t8 oygrvhab hcukyx3x c1et5uql\">\n<p>r\u00e9alis\u00e9 par Leyla Y\u0131lmaz<br \/>\nLong-m\u00e9trage\/Drame<br \/>\nTurquie, 2019 &#8211; 1h35 &#8211; VOST<\/p>\n<p>Not Knowing (Ne pas savoir) porte sur une famille qui n&rsquo;est pas satisfaite de sa vie. Selma et Sinan sont un couple qui a d\u00e9sormais du mal \u00e0 se supporter. Leur fils Umut est en derni\u00e8re ann\u00e9e au lyc\u00e9e, o\u00f9 des rumeurs concernant son homosexualit\u00e9 commencent \u00e0 circuler. Alors que Selma et Sinan tentent de faire face \u00e0 leur mariage fatigant, Umut dispara\u00eet soudainement. Pendant que Selma et Sinan recherchent leur fils, ils se rendent compte qu&rsquo;ils se sont r\u00e9ellement perdus.<\/p>\n<\/div>\n","protected":false},"excerpt":{"rendered":"<p>r\u00e9alis\u00e9 par Leyla Y\u0131lmaz Long-m\u00e9trage\/Drame Turquie, 2019 &#8211; 1h35 &#8211; VOST Not Knowing (Ne pas savoir) porte sur une famille qui n&rsquo;est pas satisfaite de sa vie. Selma et Sinan sont un couple qui a d\u00e9sormais du mal \u00e0 se supporter. Leur fils Umut est en derni\u00e8re ann\u00e9e au lyc\u00e9e, o\u00f9 des rumeurs concernant son&hellip;<\/p>\n","protected":false},"author":170,"featured_media":2261,"parent":789,"menu_order":0,"comment_status":"closed","ping_status":"closed","template":"template.event.php","meta":[],"_links":{"self":[{"href":"https:\/\/www.cinematurc.com\/festival\/paris\/2022\/wp-json\/wp\/v2\/pages\/1324"}],"collection":[{"href":"https:\/\/www.cinematurc.com\/festival\/paris\/2022\/wp-json\/wp\/v2\/pages"}],"about":[{"href":"https:\/\/www.cinematurc.com\/festival\/paris\/2022\/wp-json\/wp\/v2\/types\/page"}],"author":[{"embeddable":true,"href":"https:\/\/www.cinematurc.com\/festival\/paris\/2022\/wp-json\/wp\/v2\/users\/170"}],"replies":[{"embeddable":true,"href":"https:\/\/www.cinematurc.com\/festival\/paris\/2022\/wp-json\/wp\/v2\/comments?post=1324"}],"version-history":[{"count":2,"href":"https:\/\/www.cinematurc.com\/festival\/paris\/2022\/wp-json\/wp\/v2\/pages\/1324\/revisions"}],"predecessor-version":[{"id":2263,"href":"https:\/\/www.cinematurc.com\/festival\/paris\/2022\/wp-json\/wp\/v2\/pages\/1324\/revisions\/2263"}],"up":[{"embeddable":true,"href":"https:\/\/www.cinematurc.com\/festival\/paris\/2022\/wp-json\/wp\/v2\/pages\/789"}],"wp:featuredmedia":[{"embeddable":true,"href":"https:\/\/www.cinematurc.com\/festival\/paris\/2022\/wp-json\/wp\/v2\/media\/2261"}],"wp:attachment":[{"href":"https:\/\/www.cinematurc.com\/festival\/paris\/2022\/wp-json\/wp\/v2\/media?parent=1324"}],"curies":[{"name":"wp","href":"https:\/\/api.w.org\/{rel}","templated":true}]}}