{"id":156,"date":"2014-07-21T19:20:49","date_gmt":"2014-07-21T18:20:49","guid":{"rendered":"http:\/\/www.gavick.com\/demo\/wordpress\/events\/?page_id=156"},"modified":"2022-03-07T11:53:32","modified_gmt":"2022-03-07T10:53:32","slug":"le-louxor","status":"publish","type":"page","link":"https:\/\/www.cinematurc.com\/festival\/paris\/2022\/partenaires\/le-louxor\/","title":{"rendered":"Cin\u00e9ma Le Louxor"},"content":{"rendered":"<p>Le Louxor est une salle de cin\u00e9ma situ\u00e9e au n\u00b0170, boulevard de Magenta dans le 10e arrondissement de Paris (France), construite par l\u2019architecte Henri Zipcy<sup id=\"cite_ref-1\" class=\"reference\"><\/sup>\u00a0et inaugur\u00e9e le\u00a0<time class=\"nowrap\" datetime=\"1921-10-06\" data-sort-value=\"1921-10-06\">6 octobre 1921<\/time><sup id=\"cite_ref-2\" class=\"reference\"><\/sup>. Inscrite au titre des\u00a0monuments historiques\u00a0le\u00a0<time class=\"nowrap\" datetime=\"1981-10-05\" data-sort-value=\"1981-10-05\">5 octobre 1981<\/time>\u00a0(fa\u00e7ades et toitures)<sup id=\"cite_ref-3\" class=\"reference\"><\/sup>, elle est transform\u00e9e en\u00a0bo\u00eete de nuit\u00a0en 1983. Ferm\u00e9e en 1988 et laiss\u00e9e \u00e0 l\u2019abandon, elle rouvre finalement le\u00a0<time class=\"nowrap\" datetime=\"2013-04-17\" data-sort-value=\"2013-04-17\">17 avril 2013<\/time><sup id=\"cite_ref-4\" class=\"reference\"><\/sup>, enti\u00e8rement r\u00e9nov\u00e9e et dot\u00e9e d\u00e9sormais de trois salles.<\/p>\n","protected":false},"excerpt":{"rendered":"<p>Le Louxor est une salle de cin\u00e9ma situ\u00e9e au n\u00b0170, boulevard de Magenta dans le 10e arrondissement de Paris (France), construite par l\u2019architecte Henri Zipcy\u00a0et inaugur\u00e9e le\u00a06 octobre 1921. Inscrite au titre des\u00a0monuments historiques\u00a0le\u00a05 octobre 1981\u00a0(fa\u00e7ades et toitures), elle est transform\u00e9e en\u00a0bo\u00eete de nuit\u00a0en 1983. Ferm\u00e9e en 1988 et laiss\u00e9e \u00e0 l\u2019abandon, elle rouvre finalement&hellip;<\/p>\n","protected":false},"author":170,"featured_media":2302,"parent":77,"menu_order":1,"comment_status":"closed","ping_status":"closed","template":"template.sponsor.php","meta":[],"_links":{"self":[{"href":"https:\/\/www.cinematurc.com\/festival\/paris\/2022\/wp-json\/wp\/v2\/pages\/156"}],"collection":[{"href":"https:\/\/www.cinematurc.com\/festival\/paris\/2022\/wp-json\/wp\/v2\/pages"}],"about":[{"href":"https:\/\/www.cinematurc.com\/festival\/paris\/2022\/wp-json\/wp\/v2\/types\/page"}],"author":[{"embeddable":true,"href":"https:\/\/www.cinematurc.com\/festival\/paris\/2022\/wp-json\/wp\/v2\/users\/170"}],"replies":[{"embeddable":true,"href":"https:\/\/www.cinematurc.com\/festival\/paris\/2022\/wp-json\/wp\/v2\/comments?post=156"}],"version-history":[{"count":3,"href":"https:\/\/www.cinematurc.com\/festival\/paris\/2022\/wp-json\/wp\/v2\/pages\/156\/revisions"}],"predecessor-version":[{"id":2373,"href":"https:\/\/www.cinematurc.com\/festival\/paris\/2022\/wp-json\/wp\/v2\/pages\/156\/revisions\/2373"}],"up":[{"embeddable":true,"href":"https:\/\/www.cinematurc.com\/festival\/paris\/2022\/wp-json\/wp\/v2\/pages\/77"}],"wp:featuredmedia":[{"embeddable":true,"href":"https:\/\/www.cinematurc.com\/festival\/paris\/2022\/wp-json\/wp\/v2\/media\/2302"}],"wp:attachment":[{"href":"https:\/\/www.cinematurc.com\/festival\/paris\/2022\/wp-json\/wp\/v2\/media?parent=156"}],"curies":[{"name":"wp","href":"https:\/\/api.w.org\/{rel}","templated":true}]}}