{"id":1790,"date":"2020-09-13T13:57:18","date_gmt":"2020-09-13T12:57:18","guid":{"rendered":"https:\/\/www.cinematurc.com\/festival\/paris\/2022\/?page_id=1790"},"modified":"2022-03-07T16:00:45","modified_gmt":"2022-03-07T15:00:45","slug":"miss-holokost-survivor","status":"publish","type":"page","link":"https:\/\/www.cinematurc.com\/festival\/paris\/2022\/agenda\/09-samedi\/miss-holokost-survivor\/","title":{"rendered":"The Pageant (La comp\u00e9tition)*"},"content":{"rendered":"<div class=\"kvgmc6g5 cxmmr5t8 oygrvhab hcukyx3x c1et5uql\">\n<p>r\u00e9alis\u00e9 par Eytan Ipeker<br \/>\nLong m\u00e9trage \/ Documentaire<br \/>\nTurquie, France, Isra\u00ebl, Allemagne, 2020 &#8211; 1h23 &#8211; VOST<\/p>\n<p>Chaque ann\u00e9e depuis 2011, un concours de beaut\u00e9 unique a lieu \u00e0 Ha\u00effa. Les candidates sont des survivantes de l&rsquo;Holocauste. Au milieu de ce spectacle flashy, leurs traumatismes personnels restent plus profonds que jamais.<\/p>\n<\/div>\n","protected":false},"excerpt":{"rendered":"<p>r\u00e9alis\u00e9 par Eytan Ipeker Long m\u00e9trage \/ Documentaire Turquie, France, Isra\u00ebl, Allemagne, 2020 &#8211; 1h23 &#8211; VOST Chaque ann\u00e9e depuis 2011, un concours de beaut\u00e9 unique a lieu \u00e0 Ha\u00effa. Les candidates sont des survivantes de l&rsquo;Holocauste. Au milieu de ce spectacle flashy, leurs traumatismes personnels restent plus profonds que jamais.&hellip;<\/p>\n","protected":false},"author":171,"featured_media":2329,"parent":789,"menu_order":2,"comment_status":"closed","ping_status":"closed","template":"template.event.php","meta":[],"_links":{"self":[{"href":"https:\/\/www.cinematurc.com\/festival\/paris\/2022\/wp-json\/wp\/v2\/pages\/1790"}],"collection":[{"href":"https:\/\/www.cinematurc.com\/festival\/paris\/2022\/wp-json\/wp\/v2\/pages"}],"about":[{"href":"https:\/\/www.cinematurc.com\/festival\/paris\/2022\/wp-json\/wp\/v2\/types\/page"}],"author":[{"embeddable":true,"href":"https:\/\/www.cinematurc.com\/festival\/paris\/2022\/wp-json\/wp\/v2\/users\/171"}],"replies":[{"embeddable":true,"href":"https:\/\/www.cinematurc.com\/festival\/paris\/2022\/wp-json\/wp\/v2\/comments?post=1790"}],"version-history":[{"count":4,"href":"https:\/\/www.cinematurc.com\/festival\/paris\/2022\/wp-json\/wp\/v2\/pages\/1790\/revisions"}],"predecessor-version":[{"id":2354,"href":"https:\/\/www.cinematurc.com\/festival\/paris\/2022\/wp-json\/wp\/v2\/pages\/1790\/revisions\/2354"}],"up":[{"embeddable":true,"href":"https:\/\/www.cinematurc.com\/festival\/paris\/2022\/wp-json\/wp\/v2\/pages\/789"}],"wp:featuredmedia":[{"embeddable":true,"href":"https:\/\/www.cinematurc.com\/festival\/paris\/2022\/wp-json\/wp\/v2\/media\/2329"}],"wp:attachment":[{"href":"https:\/\/www.cinematurc.com\/festival\/paris\/2022\/wp-json\/wp\/v2\/media?parent=1790"}],"curies":[{"name":"wp","href":"https:\/\/api.w.org\/{rel}","templated":true}]}}