{"id":213,"date":"2014-07-21T20:02:22","date_gmt":"2014-07-21T19:02:22","guid":{"rendered":"http:\/\/www.gavick.com\/demo\/wordpress\/events\/?page_id=213"},"modified":"2022-03-07T15:17:16","modified_gmt":"2022-03-07T14:17:16","slug":"her-sey-dahil","status":"publish","type":"page","link":"https:\/\/www.cinematurc.com\/festival\/paris\/2022\/agenda\/03-dimanche\/her-sey-dahil\/","title":{"rendered":"Her \u015eey Dahil (All-In)"},"content":{"rendered":"<div class=\"kvgmc6g5 cxmmr5t8 oygrvhab hcukyx3x c1et5uql\">\n<p>r\u00e9alis\u00e9 par Volkan \u00dcce<br \/>\nLong-m\u00e9trage \/ Documentaire<br \/>\nBelgique, 2021 &#8211; 1h20 &#8211; VOST<\/p>\n<p>Deux jeunes hommes timides commencent \u00e0 travailler dans un h\u00f4tel. Un nouveau monde absurde s&rsquo;ouvre \u00e0 eux. Des bikinis color\u00e9s, une abondance de nourriture et les exigences de la direction garantissent qu&rsquo;ils ne seront plus jamais les m\u00eames.<\/p>\n<\/div>\n<p>&nbsp;<\/p>\n<p><em>\u00a0<\/em><\/p>\n","protected":false},"excerpt":{"rendered":"<p>r\u00e9alis\u00e9 par Volkan \u00dcce Long-m\u00e9trage \/ Documentaire Belgique, 2021 &#8211; 1h20 &#8211; VOST Deux jeunes hommes timides commencent \u00e0 travailler dans un h\u00f4tel. Un nouveau monde absurde s&rsquo;ouvre \u00e0 eux. Des bikinis color\u00e9s, une abondance de nourriture et les exigences de la direction garantissent qu&rsquo;ils ne seront plus jamais les m\u00eames. &nbsp; \u00a0&hellip;<\/p>\n","protected":false},"author":170,"featured_media":2220,"parent":209,"menu_order":0,"comment_status":"closed","ping_status":"closed","template":"template.event.php","meta":[],"_links":{"self":[{"href":"https:\/\/www.cinematurc.com\/festival\/paris\/2022\/wp-json\/wp\/v2\/pages\/213"}],"collection":[{"href":"https:\/\/www.cinematurc.com\/festival\/paris\/2022\/wp-json\/wp\/v2\/pages"}],"about":[{"href":"https:\/\/www.cinematurc.com\/festival\/paris\/2022\/wp-json\/wp\/v2\/types\/page"}],"author":[{"embeddable":true,"href":"https:\/\/www.cinematurc.com\/festival\/paris\/2022\/wp-json\/wp\/v2\/users\/170"}],"replies":[{"embeddable":true,"href":"https:\/\/www.cinematurc.com\/festival\/paris\/2022\/wp-json\/wp\/v2\/comments?post=213"}],"version-history":[{"count":3,"href":"https:\/\/www.cinematurc.com\/festival\/paris\/2022\/wp-json\/wp\/v2\/pages\/213\/revisions"}],"predecessor-version":[{"id":2323,"href":"https:\/\/www.cinematurc.com\/festival\/paris\/2022\/wp-json\/wp\/v2\/pages\/213\/revisions\/2323"}],"up":[{"embeddable":true,"href":"https:\/\/www.cinematurc.com\/festival\/paris\/2022\/wp-json\/wp\/v2\/pages\/209"}],"wp:featuredmedia":[{"embeddable":true,"href":"https:\/\/www.cinematurc.com\/festival\/paris\/2022\/wp-json\/wp\/v2\/media\/2220"}],"wp:attachment":[{"href":"https:\/\/www.cinematurc.com\/festival\/paris\/2022\/wp-json\/wp\/v2\/media?parent=213"}],"curies":[{"name":"wp","href":"https:\/\/api.w.org\/{rel}","templated":true}]}}