{"id":2378,"date":"2022-03-07T12:04:06","date_gmt":"2022-03-07T11:04:06","guid":{"rendered":"https:\/\/www.cinematurc.com\/festival\/paris\/2022\/?page_id=2378"},"modified":"2022-03-07T12:04:06","modified_gmt":"2022-03-07T11:04:06","slug":"cinema-le-brady","status":"publish","type":"page","link":"https:\/\/www.cinematurc.com\/festival\/paris\/2022\/partenaires\/cinema-le-brady\/","title":{"rendered":"Cin\u00e9ma Le Brady"},"content":{"rendered":"<p>Le Brady est un cin\u00e9ma parisien inaugur\u00e9 en 1956, situ\u00e9 39 boulevard de Strasbourg dans le 10e arrondissement. C\u2019est une salle unique et propose une programmation de films fantastiques de s\u00e9rie B. Temple du film de genre pendant de longues ann\u00e9es, il a \u00e9t\u00e9 fr\u00e9quent\u00e9 entre autres par Fran\u00e7ois Truffaut, la salle ensuite a \u00e9t\u00e9 rachet\u00e9e par Jean-Pierre Mocky, qui a ajout\u00e9 une salle \u00e0 la fin des ann\u00e9es 90. Il l\u2019a revendu le Brady fin 2010 \u00e0 l\u2019\u00e9quipe actuelle. Le Brady est compos\u00e9 d\u00e9sormais d\u2019une salle de 100 places qui accueille des projections cin\u00e9matographiques et des repr\u00e9sentations th\u00e9\u00e2trales et une salle de 39 places uniquement consacr\u00e9e aux projections.<\/p>\n","protected":false},"excerpt":{"rendered":"<p>Le Brady est un cin\u00e9ma parisien inaugur\u00e9 en 1956, situ\u00e9 39 boulevard de Strasbourg dans le 10e arrondissement. C\u2019est une salle unique et propose une programmation de films fantastiques de s\u00e9rie B. Temple du film de genre pendant de longues ann\u00e9es, il a \u00e9t\u00e9 fr\u00e9quent\u00e9 entre autres par Fran\u00e7ois Truffaut, la salle ensuite a \u00e9t\u00e9&hellip;<\/p>\n","protected":false},"author":171,"featured_media":2306,"parent":77,"menu_order":1,"comment_status":"closed","ping_status":"closed","template":"template.sponsor.php","meta":[],"_links":{"self":[{"href":"https:\/\/www.cinematurc.com\/festival\/paris\/2022\/wp-json\/wp\/v2\/pages\/2378"}],"collection":[{"href":"https:\/\/www.cinematurc.com\/festival\/paris\/2022\/wp-json\/wp\/v2\/pages"}],"about":[{"href":"https:\/\/www.cinematurc.com\/festival\/paris\/2022\/wp-json\/wp\/v2\/types\/page"}],"author":[{"embeddable":true,"href":"https:\/\/www.cinematurc.com\/festival\/paris\/2022\/wp-json\/wp\/v2\/users\/171"}],"replies":[{"embeddable":true,"href":"https:\/\/www.cinematurc.com\/festival\/paris\/2022\/wp-json\/wp\/v2\/comments?post=2378"}],"version-history":[{"count":1,"href":"https:\/\/www.cinematurc.com\/festival\/paris\/2022\/wp-json\/wp\/v2\/pages\/2378\/revisions"}],"predecessor-version":[{"id":2379,"href":"https:\/\/www.cinematurc.com\/festival\/paris\/2022\/wp-json\/wp\/v2\/pages\/2378\/revisions\/2379"}],"up":[{"embeddable":true,"href":"https:\/\/www.cinematurc.com\/festival\/paris\/2022\/wp-json\/wp\/v2\/pages\/77"}],"wp:featuredmedia":[{"embeddable":true,"href":"https:\/\/www.cinematurc.com\/festival\/paris\/2022\/wp-json\/wp\/v2\/media\/2306"}],"wp:attachment":[{"href":"https:\/\/www.cinematurc.com\/festival\/paris\/2022\/wp-json\/wp\/v2\/media?parent=2378"}],"curies":[{"name":"wp","href":"https:\/\/api.w.org\/{rel}","templated":true}]}}