{"id":483,"date":"2014-12-25T21:02:54","date_gmt":"2014-12-25T20:02:54","guid":{"rendered":"https:\/\/www.cinematurc.com\/festival\/paris\/2022\/?page_id=483"},"modified":"2022-03-17T14:22:54","modified_gmt":"2022-03-17T13:22:54","slug":"qui-sommes-nous","status":"publish","type":"page","link":"https:\/\/www.cinematurc.com\/festival\/paris\/2022\/qui-sommes-nous\/","title":{"rendered":"Qui sommes-nous?"},"content":{"rendered":"<p style=\"text-align: center;\">Le FCTP est le principal espace de d\u00e9couverte du cin\u00e9ma de Turquie \u00e0 Paris.<\/p>\r\n<p>Les\u00a0 attaques contre la libert\u00e9 d\u2019expression et les politiques culturelles mises en place en Turquie depuis plusieurs ann\u00e9es ont un grand impact sur le secteur audiovisuel, et plus particuli\u00e8rement sur les films d\u2019auteur et ind\u00e9pendant.<\/p>\r\n<p>La plupart des r\u00e9alisateurs et producteurs dont nous projetterons les \u0153uvres, construisent une forme de solidarit\u00e9 entre eux, continuent de produire, d\u2019exister, de parler et de se faire entendre.<\/p>\r\n<p><strong>Le FCTP est un espace de libre expression pour ces films et le cin\u00e9ma de Turquie dans sa diversit\u00e9.Le FCTP propose cette ann\u00e9e plusieurs rencontres qui r\u00e9uniront les originaires de Turquie soucieuses et soucieux des valeurs d\u00e9mocratiques et l\u2019ensemble des cin\u00e9philes parisien.ne.s int\u00e9ress\u00e9.e.s par la Turquie, son actualit\u00e9, sa culture et son cin\u00e9ma.<\/strong><\/p>\r\n<p>&nbsp;<\/p>\r\n<p style=\"text-align: center;\"><strong>Note de l\u2019\u00e9quipe :<\/strong><br \/>L&rsquo;Anatolie berce nos r\u00eaves et nos songes, le cin\u00e9ma les fait vivre.<br \/>Nous vous invitons \u00e0 partager notre imaginaire le temps d&rsquo;un Festival.<br \/>A travers un panel d&rsquo;une quinzaine de films, fiction et documentaire confondus,\u00a0notre attention sera captiv\u00e9e par les derni\u00e8res productions cin\u00e9matographiques venant de Turquie.<br \/>Notre inspiration lors de la s\u00e9lection des films a \u00e9t\u00e9 guid\u00e9e par ce qui transpire des pores de la soci\u00e9t\u00e9 turque,\u00a0des questionnements qui nous traversent et nous remuent.<br \/>Chaque nouveau film d\u00e9couvert nous a interpell\u00e9s sur nos rapports \u00e0 la vie,\u00a0la maladie, la sexualit\u00e9, les utopies, l&rsquo;amour, la po\u00e9sie, le pass\u00e9, la r\u00e9sistance, le vivre-ensemble et la d\u00e9couverte de l&rsquo;autre comme rem\u00e8de \u00e0 nos peurs et pr\u00e9jug\u00e9s.<br \/>Nous voulons \u00e9galement profiter de ce moment pour cr\u00e9er un espace de dialogue\u00a0entre les cultures.<br \/>Pendant toute la dur\u00e9e du Festival, vous pourrez rencontrer et \u00e9changer avec les r\u00e9alisateurs, acteurs et producteurs des films que nous vous proposons.<\/p>\r\n<p style=\"text-align: center;\"><strong>\u00c9quipe<\/strong><\/p>\r\n<p style=\"text-align: center;\">Deniz \u0130nceo\u011flu\u00a0 \/ Ilayda Elis\u00a0 \/\u00a0 Verda Kimyonok \/ \u00dcmit Metin \/ Tu\u011f\u00e7e Oklay \/<\/p>\r\n<p style=\"text-align: center;\">Piya Coline \u00d6z\u00e7elik \/ Zeynep Sayg\u0131 \/ Oktay \u015eeng\u00fcl \/ \u00d6zg\u00fcr Y\u0131ld\u0131z<\/p>\r\n<p style=\"text-align: center;\"><strong>Contact :<br \/><\/strong><a href=\"mailto:cinematurquie@gmail.com\">cinematurquie@gmail.com<\/a> \/\u00a0 <a href=\"https:\/\/www.facebook.com\/CinemaTurquie\/\">Facebook: CinemaTurquie<\/a><\/p>\r\n<p style=\"text-align: center;\">01 42 01 12 60<\/p>\r\n\r\n<p>&nbsp;<\/p>\r\n","protected":false},"excerpt":{"rendered":"<p>Le FCTP est le principal espace de d\u00e9couverte du cin\u00e9ma de Turquie \u00e0 Paris. Les\u00a0 attaques contre la libert\u00e9 d\u2019expression et les politiques culturelles mises en place en Turquie depuis plusieurs ann\u00e9es ont un grand impact sur le secteur audiovisuel, et plus particuli\u00e8rement sur les films d\u2019auteur et ind\u00e9pendant. La plupart des r\u00e9alisateurs et producteurs&hellip;<\/p>\n","protected":false},"author":170,"featured_media":1988,"parent":0,"menu_order":0,"comment_status":"closed","ping_status":"closed","template":"","meta":[],"_links":{"self":[{"href":"https:\/\/www.cinematurc.com\/festival\/paris\/2022\/wp-json\/wp\/v2\/pages\/483"}],"collection":[{"href":"https:\/\/www.cinematurc.com\/festival\/paris\/2022\/wp-json\/wp\/v2\/pages"}],"about":[{"href":"https:\/\/www.cinematurc.com\/festival\/paris\/2022\/wp-json\/wp\/v2\/types\/page"}],"author":[{"embeddable":true,"href":"https:\/\/www.cinematurc.com\/festival\/paris\/2022\/wp-json\/wp\/v2\/users\/170"}],"replies":[{"embeddable":true,"href":"https:\/\/www.cinematurc.com\/festival\/paris\/2022\/wp-json\/wp\/v2\/comments?post=483"}],"version-history":[{"count":3,"href":"https:\/\/www.cinematurc.com\/festival\/paris\/2022\/wp-json\/wp\/v2\/pages\/483\/revisions"}],"predecessor-version":[{"id":2440,"href":"https:\/\/www.cinematurc.com\/festival\/paris\/2022\/wp-json\/wp\/v2\/pages\/483\/revisions\/2440"}],"wp:featuredmedia":[{"embeddable":true,"href":"https:\/\/www.cinematurc.com\/festival\/paris\/2022\/wp-json\/wp\/v2\/media\/1988"}],"wp:attachment":[{"href":"https:\/\/www.cinematurc.com\/festival\/paris\/2022\/wp-json\/wp\/v2\/media?parent=483"}],"curies":[{"name":"wp","href":"https:\/\/api.w.org\/{rel}","templated":true}]}}