{"id":631,"date":"2015-03-02T17:56:30","date_gmt":"2015-03-02T16:56:30","guid":{"rendered":"https:\/\/www.cinematurc.com\/festival\/paris\/2022\/?page_id=631"},"modified":"2022-03-07T15:58:44","modified_gmt":"2022-03-07T14:58:44","slug":"bekleyis","status":"publish","type":"page","link":"https:\/\/www.cinematurc.com\/festival\/paris\/2022\/agenda\/07-jeudi\/bekleyis\/","title":{"rendered":"Bekleyi\u015f (Attendre un grain de sable)*"},"content":{"rendered":"<div class=\"kvgmc6g5 cxmmr5t8 oygrvhab hcukyx3x c1et5uql\">\n<p>r\u00e9alis\u00e9 par Asl\u0131 Akda\u011f<br \/>\nLong-m\u00e9trage \/\u00a0Documentaire<br \/>\nTurquie, 2021 &#8211; 1h07 &#8211; VOST<\/p>\n<p>Que se passe-t-il quand une femme c\u00e9libataire prend la d\u00e9cision d&rsquo;avoir un enfant et de l&rsquo;\u00e9lever sans p\u00e8re en Turquie ? Dans ce documentaire autobiographique, nous voyons une femme produire un journal visuel pour son b\u00e9b\u00e9, filmant ce qu&rsquo;elle traverse au sein de la soci\u00e9t\u00e9 et de sa famille. Le documentaire explore les r\u00f4les sociaux des femmes et r\u00e9fl\u00e9chit sur les in\u00e9galit\u00e9s sociales. Nous assistons \u00e9galement \u00e0 l&rsquo;ins\u00e9curit\u00e9 port\u00e9e par le pass\u00e9 \u00e0 l&rsquo;\u00e9gard du p\u00e8re et \u00e0 l&rsquo;absence constante d&rsquo;une figure masculine alors que les vestiges du pass\u00e9 \u00e9clairent la peur d&rsquo;aujourd&rsquo;hui.<\/p>\n<\/div>\n","protected":false},"excerpt":{"rendered":"<p>r\u00e9alis\u00e9 par Asl\u0131 Akda\u011f Long-m\u00e9trage \/\u00a0Documentaire Turquie, 2021 &#8211; 1h07 &#8211; VOST Que se passe-t-il quand une femme c\u00e9libataire prend la d\u00e9cision d&rsquo;avoir un enfant et de l&rsquo;\u00e9lever sans p\u00e8re en Turquie ? Dans ce documentaire autobiographique, nous voyons une femme produire un journal visuel pour son b\u00e9b\u00e9, filmant ce qu&rsquo;elle traverse au sein de&hellip;<\/p>\n","protected":false},"author":170,"featured_media":2253,"parent":773,"menu_order":0,"comment_status":"closed","ping_status":"closed","template":"template.event.php","meta":[],"_links":{"self":[{"href":"https:\/\/www.cinematurc.com\/festival\/paris\/2022\/wp-json\/wp\/v2\/pages\/631"}],"collection":[{"href":"https:\/\/www.cinematurc.com\/festival\/paris\/2022\/wp-json\/wp\/v2\/pages"}],"about":[{"href":"https:\/\/www.cinematurc.com\/festival\/paris\/2022\/wp-json\/wp\/v2\/types\/page"}],"author":[{"embeddable":true,"href":"https:\/\/www.cinematurc.com\/festival\/paris\/2022\/wp-json\/wp\/v2\/users\/170"}],"replies":[{"embeddable":true,"href":"https:\/\/www.cinematurc.com\/festival\/paris\/2022\/wp-json\/wp\/v2\/comments?post=631"}],"version-history":[{"count":1,"href":"https:\/\/www.cinematurc.com\/festival\/paris\/2022\/wp-json\/wp\/v2\/pages\/631\/revisions"}],"predecessor-version":[{"id":2254,"href":"https:\/\/www.cinematurc.com\/festival\/paris\/2022\/wp-json\/wp\/v2\/pages\/631\/revisions\/2254"}],"up":[{"embeddable":true,"href":"https:\/\/www.cinematurc.com\/festival\/paris\/2022\/wp-json\/wp\/v2\/pages\/773"}],"wp:featuredmedia":[{"embeddable":true,"href":"https:\/\/www.cinematurc.com\/festival\/paris\/2022\/wp-json\/wp\/v2\/media\/2253"}],"wp:attachment":[{"href":"https:\/\/www.cinematurc.com\/festival\/paris\/2022\/wp-json\/wp\/v2\/media?parent=631"}],"curies":[{"name":"wp","href":"https:\/\/api.w.org\/{rel}","templated":true}]}}