{"id":671,"date":"2014-07-21T20:03:31","date_gmt":"2014-07-21T19:03:31","guid":{"rendered":"http:\/\/www.gavick.com\/demo\/wordpress\/events\/?page_id=223"},"modified":"2022-03-02T16:37:49","modified_gmt":"2022-03-02T15:37:49","slug":"insanlar-ikiye-ayrilir-deux-types-de-personnes","status":"publish","type":"page","link":"https:\/\/www.cinematurc.com\/festival\/paris\/2022\/agenda\/03-dimanche\/insanlar-ikiye-ayrilir-deux-types-de-personnes\/","title":{"rendered":"\u0130nsanlar \u0130kiye Ayr\u0131l\u0131r (Deux types de personnes)"},"content":{"rendered":"<p>r\u00e9alis\u00e9 par Tun\u00e7 \u015eahin<br \/>\nLong-m\u00e9trage \/ Drame<br \/>\nTurquie, 2021 &#8211; 1h41 &#8211; VOST<\/p>\n<p>Duygu et Bahad\u0131r travaillent pour une entreprise qui acquiert des cr\u00e9ances bancaires et leur travail consiste \u00e0 coincer le d\u00e9biteur en utilisant la pression psychologique afin de maximiser la collecte d&rsquo;argent. Ceren, une jeune femme endett\u00e9e, est leur nouvelle cible.<\/p>\n","protected":false},"excerpt":{"rendered":"<p>r\u00e9alis\u00e9 par Tun\u00e7 \u015eahin Long-m\u00e9trage \/ Drame Turquie, 2021 &#8211; 1h41 &#8211; VOST Duygu et Bahad\u0131r travaillent pour une entreprise qui acquiert des cr\u00e9ances bancaires et leur travail consiste \u00e0 coincer le d\u00e9biteur en utilisant la pression psychologique afin de maximiser la collecte d&rsquo;argent. Ceren, une jeune femme endett\u00e9e, est leur nouvelle cible.&hellip;<\/p>\n","protected":false},"author":170,"featured_media":2211,"parent":209,"menu_order":2,"comment_status":"closed","ping_status":"closed","template":"template.event.php","meta":[],"_links":{"self":[{"href":"https:\/\/www.cinematurc.com\/festival\/paris\/2022\/wp-json\/wp\/v2\/pages\/671"}],"collection":[{"href":"https:\/\/www.cinematurc.com\/festival\/paris\/2022\/wp-json\/wp\/v2\/pages"}],"about":[{"href":"https:\/\/www.cinematurc.com\/festival\/paris\/2022\/wp-json\/wp\/v2\/types\/page"}],"author":[{"embeddable":true,"href":"https:\/\/www.cinematurc.com\/festival\/paris\/2022\/wp-json\/wp\/v2\/users\/170"}],"replies":[{"embeddable":true,"href":"https:\/\/www.cinematurc.com\/festival\/paris\/2022\/wp-json\/wp\/v2\/comments?post=671"}],"version-history":[{"count":1,"href":"https:\/\/www.cinematurc.com\/festival\/paris\/2022\/wp-json\/wp\/v2\/pages\/671\/revisions"}],"predecessor-version":[{"id":2226,"href":"https:\/\/www.cinematurc.com\/festival\/paris\/2022\/wp-json\/wp\/v2\/pages\/671\/revisions\/2226"}],"up":[{"embeddable":true,"href":"https:\/\/www.cinematurc.com\/festival\/paris\/2022\/wp-json\/wp\/v2\/pages\/209"}],"wp:featuredmedia":[{"embeddable":true,"href":"https:\/\/www.cinematurc.com\/festival\/paris\/2022\/wp-json\/wp\/v2\/media\/2211"}],"wp:attachment":[{"href":"https:\/\/www.cinematurc.com\/festival\/paris\/2022\/wp-json\/wp\/v2\/media?parent=671"}],"curies":[{"name":"wp","href":"https:\/\/api.w.org\/{rel}","templated":true}]}}