{"id":804,"date":"2015-03-02T18:38:24","date_gmt":"2015-03-02T17:38:24","guid":{"rendered":"https:\/\/www.cinematurc.com\/festival\/paris\/2022\/?page_id=804"},"modified":"2022-03-08T11:32:05","modified_gmt":"2022-03-08T10:32:05","slug":"bastan-basa-de-la-tete-au-pied","status":"publish","type":"page","link":"https:\/\/www.cinematurc.com\/festival\/paris\/2022\/agenda\/10-dimanche\/bastan-basa-de-la-tete-au-pied\/","title":{"rendered":"Ba\u015ftan Ba\u015fa (De la t\u00eate au pied)*"},"content":{"rendered":"<div class=\"kvgmc6g5 cxmmr5t8 oygrvhab hcukyx3x c1et5uql\">\n<p>r\u00e9alis\u00e9 par Aylin Kuryel et F\u0131rat Y\u00fccel<br \/>\nLong-m\u00e9trage \/ Documentaire<br \/>\nTurquie, 2019 &#8211; 57min &#8211; VOST<\/p>\n<p>De la t\u00eate au pied raconte le commerce des cheveux entre la Turquie et Isra\u00ebl. Deux femmes turco-isra\u00e9liennes, Coya et Sima, obtiennent des cheveux en Turquie et les vendent \u00e0 des fabricants de perruques \u00e0 Tel Aviv, Ramat Gan et Bnei Brak. Les femmes juives orthodoxes se couvrent la t\u00eate de perruques faites de cheveux ayant appartenu aux femmes d&rsquo;Anatolie. Dans ce voyage, les cheveux deviennent une marchandise, un moyen de vivre et une source de beaut\u00e9 casher, tandis que celle qui fait pousser soigneusement les cheveux reste invisible.<\/p>\n<p>suivi de<\/p>\n<p><b>Bir Savunma (Une d\u00e9fense) <\/b><span style=\"font-weight: 400;\">r\u00e9alis\u00e9 par Aylin Kuryel<br \/>\nCourt-m\u00e9trage<br \/>\n<\/span><span style=\"font-weight: 400;\">Turquie, Pays-Bas,\u00a0 <\/span><span style=\"font-weight: 400;\">16min-VOST<br \/>\n<a href=\"https:\/\/www.cinematurc.com\/festival\/paris\/2022\/wp-content\/uploads\/2022\/03\/a-defense.png\"><img loading=\"lazy\" class=\"alignnone size-medium wp-image-2410\" src=\"https:\/\/www.cinematurc.com\/festival\/paris\/2022\/wp-content\/uploads\/2022\/03\/a-defense-300x168.png\" alt=\"\" width=\"300\" height=\"168\" srcset=\"https:\/\/www.cinematurc.com\/festival\/paris\/2022\/wp-content\/uploads\/2022\/03\/a-defense-300x168.png 300w, https:\/\/www.cinematurc.com\/festival\/paris\/2022\/wp-content\/uploads\/2022\/03\/a-defense-1024x574.png 1024w, https:\/\/www.cinematurc.com\/festival\/paris\/2022\/wp-content\/uploads\/2022\/03\/a-defense-768x431.png 768w, https:\/\/www.cinematurc.com\/festival\/paris\/2022\/wp-content\/uploads\/2022\/03\/a-defense.png 1180w\" sizes=\"(max-width: 300px) 100vw, 300px\" \/><\/a><\/p>\n<p><\/span><span style=\"font-weight: 400;\">\u00ab En 2016, des centaines d\u2019universitaires ont sign\u00e9 une p\u00e9tition pour demander l\u2019arr\u00eat des violences \u00e9tatiques aupr\u00e8s des Kurdes en Turquie. Ils ont \u00e9t\u00e9 accus\u00e9s de propagande terroriste. Une D\u00e9fense fait le portrait d\u2019une de ces universitaires qui s&rsquo;entra\u00eene \u00e0 plaider avant sa parution devant la cour en 2019. Sa maison devient le d\u00e9cor d\u2019un psychodrame o\u00f9 elle joue tour \u00e0 tour l\u2019\u00c9tat, la juge, l\u2019universitaire et la cuisini\u00e8re. Autoportrait d\u2019un genre particulier, il souligne comment l\u2019\u00c9tat s\u2019immisce chez quelqu\u2019un, le for\u00e7ant \u00e0 s\u2019inventer des mots, un corps et ses gestes. \u00bb Texte par Aylin Kuryel <\/span><\/p>\n<\/div>\n","protected":false},"excerpt":{"rendered":"<p>r\u00e9alis\u00e9 par Aylin Kuryel et F\u0131rat Y\u00fccel Long-m\u00e9trage \/ Documentaire Turquie, 2019 &#8211; 57min &#8211; VOST De la t\u00eate au pied raconte le commerce des cheveux entre la Turquie et Isra\u00ebl. Deux femmes turco-isra\u00e9liennes, Coya et Sima, obtiennent des cheveux en Turquie et les vendent \u00e0 des fabricants de perruques \u00e0 Tel Aviv, Ramat Gan&hellip;<\/p>\n","protected":false},"author":170,"featured_media":2273,"parent":799,"menu_order":2,"comment_status":"closed","ping_status":"closed","template":"template.event.php","meta":[],"_links":{"self":[{"href":"https:\/\/www.cinematurc.com\/festival\/paris\/2022\/wp-json\/wp\/v2\/pages\/804"}],"collection":[{"href":"https:\/\/www.cinematurc.com\/festival\/paris\/2022\/wp-json\/wp\/v2\/pages"}],"about":[{"href":"https:\/\/www.cinematurc.com\/festival\/paris\/2022\/wp-json\/wp\/v2\/types\/page"}],"author":[{"embeddable":true,"href":"https:\/\/www.cinematurc.com\/festival\/paris\/2022\/wp-json\/wp\/v2\/users\/170"}],"replies":[{"embeddable":true,"href":"https:\/\/www.cinematurc.com\/festival\/paris\/2022\/wp-json\/wp\/v2\/comments?post=804"}],"version-history":[{"count":4,"href":"https:\/\/www.cinematurc.com\/festival\/paris\/2022\/wp-json\/wp\/v2\/pages\/804\/revisions"}],"predecessor-version":[{"id":2411,"href":"https:\/\/www.cinematurc.com\/festival\/paris\/2022\/wp-json\/wp\/v2\/pages\/804\/revisions\/2411"}],"up":[{"embeddable":true,"href":"https:\/\/www.cinematurc.com\/festival\/paris\/2022\/wp-json\/wp\/v2\/pages\/799"}],"wp:featuredmedia":[{"embeddable":true,"href":"https:\/\/www.cinematurc.com\/festival\/paris\/2022\/wp-json\/wp\/v2\/media\/2273"}],"wp:attachment":[{"href":"https:\/\/www.cinematurc.com\/festival\/paris\/2022\/wp-json\/wp\/v2\/media?parent=804"}],"curies":[{"name":"wp","href":"https:\/\/api.w.org\/{rel}","templated":true}]}}