{"id":83,"date":"2014-07-18T10:56:27","date_gmt":"2014-07-18T09:56:27","guid":{"rendered":"http:\/\/www.gavick.com\/demo\/wordpress\/events\/?page_id=83"},"modified":"2022-03-09T16:05:58","modified_gmt":"2022-03-09T15:05:58","slug":"mairie-du-10e-arrondissement","status":"publish","type":"page","link":"https:\/\/www.cinematurc.com\/festival\/paris\/2022\/partenaires\/mairie-du-10e-arrondissement\/","title":{"rendered":"Mairie du 10e Arrondissement"},"content":{"rendered":"<p>Le 10e c&rsquo;est l&rsquo;arrondissement des salles de spectacle et des grands boulevards o\u00f9, au d\u00e9but du XXe si\u00e8cle, est n\u00e9 le french cancan. Ses deux gares, ses quatre h\u00f4pitaux, ses deux arcs de triomphe, son canal, ses anciens couvents sont aujourd&rsquo;hui les t\u00e9moins du riche pass\u00e9 de la capitale.<\/p>\n<p>Rest\u00e9 populaire, le 10e est au cours de ce si\u00e8cle devenu plus cosmopolite. Il a accueilli ces derni\u00e8res ann\u00e9es une forte immigration, essentiellement africaine, indienne, turque et chinoise. Frapp\u00e9 durement par la crise, le 10e tente une reconversion. Rue d&rsquo;Hauteville, les fils de fourreurs s&rsquo;int\u00e9ressent \u00e0 l&rsquo;informatique, des entreprises d&rsquo;envergure internationale s&rsquo;implantent dans l&rsquo;arrondissement&#8230; La population rajeunit et de nombreux artistes et cr\u00e9ateurs am\u00e9nagent le long du canal Saint-Martin.<\/p>\n<p>La place centrale du 10e dans Paris, sa mixit\u00e9 sociale et culturelle, le rajeunissement de sa population, ses nombreux th\u00e9\u00e2tres, ses h\u00f4pitaux renomm\u00e9s dans le monde entier, ses trois gares et l&rsquo;arriv\u00e9e de nombreuses entreprises -concernant des activit\u00e9s aussi diverses que la publicit\u00e9, la mode, la cr\u00e9ation et m\u00eame la nouvelle \u00e9conomie-, demeurent des atouts essentiels pour affronter le 3\u00e8me mill\u00e9naire.<\/p>\n","protected":false},"excerpt":{"rendered":"<p>Le 10e c&rsquo;est l&rsquo;arrondissement des salles de spectacle et des grands boulevards o\u00f9, au d\u00e9but du XXe si\u00e8cle, est n\u00e9 le french cancan. Ses deux gares, ses quatre h\u00f4pitaux, ses deux arcs de triomphe, son canal, ses anciens couvents sont aujourd&rsquo;hui les t\u00e9moins du riche pass\u00e9 de la capitale. Rest\u00e9 populaire, le 10e est au&hellip;<\/p>\n","protected":false},"author":170,"featured_media":2374,"parent":77,"menu_order":0,"comment_status":"closed","ping_status":"closed","template":"template.sponsor.php","meta":[],"_links":{"self":[{"href":"https:\/\/www.cinematurc.com\/festival\/paris\/2022\/wp-json\/wp\/v2\/pages\/83"}],"collection":[{"href":"https:\/\/www.cinematurc.com\/festival\/paris\/2022\/wp-json\/wp\/v2\/pages"}],"about":[{"href":"https:\/\/www.cinematurc.com\/festival\/paris\/2022\/wp-json\/wp\/v2\/types\/page"}],"author":[{"embeddable":true,"href":"https:\/\/www.cinematurc.com\/festival\/paris\/2022\/wp-json\/wp\/v2\/users\/170"}],"replies":[{"embeddable":true,"href":"https:\/\/www.cinematurc.com\/festival\/paris\/2022\/wp-json\/wp\/v2\/comments?post=83"}],"version-history":[{"count":1,"href":"https:\/\/www.cinematurc.com\/festival\/paris\/2022\/wp-json\/wp\/v2\/pages\/83\/revisions"}],"predecessor-version":[{"id":2295,"href":"https:\/\/www.cinematurc.com\/festival\/paris\/2022\/wp-json\/wp\/v2\/pages\/83\/revisions\/2295"}],"up":[{"embeddable":true,"href":"https:\/\/www.cinematurc.com\/festival\/paris\/2022\/wp-json\/wp\/v2\/pages\/77"}],"wp:featuredmedia":[{"embeddable":true,"href":"https:\/\/www.cinematurc.com\/festival\/paris\/2022\/wp-json\/wp\/v2\/media\/2374"}],"wp:attachment":[{"href":"https:\/\/www.cinematurc.com\/festival\/paris\/2022\/wp-json\/wp\/v2\/media?parent=83"}],"curies":[{"name":"wp","href":"https:\/\/api.w.org\/{rel}","templated":true}]}}