{"id":1790,"date":"2020-09-13T13:57:18","date_gmt":"2020-09-13T12:57:18","guid":{"rendered":"https:\/\/www.cinematurc.com\/festival\/paris\/2023\/?page_id=1790"},"modified":"2023-03-09T15:39:51","modified_gmt":"2023-03-09T14:39:51","slug":"merhaba-canim-bonjour-cheri","status":"publish","type":"page","link":"https:\/\/www.cinematurc.com\/festival\/paris\/2023\/agenda\/08-samedi\/merhaba-canim-bonjour-cheri\/","title":{"rendered":"Merhaba Can\u0131m (Bonjour Ch\u00e9ri)"},"content":{"rendered":"<div class=\"kvgmc6g5 cxmmr5t8 oygrvhab hcukyx3x c1et5uql\">\n<p><strong>MERHABA CANIM (BONJOUR CH\u00c9RI)<\/strong><\/p>\n<p><span style=\"font-weight: 400;\">De Ula\u015f Tosun<br \/>\n<\/span><span style=\"font-weight: 400;\">Turquie, 2021 -58min- VO en turc STF<br \/>\n<\/span><\/p>\n<p><span style=\"font-weight: 400;\">Documentaire<\/span><\/p>\n<p><span style=\"font-weight: 400;\">Le documentaire, dont le titre est tir\u00e9 du po\u00e8me \u00ab\u00a0Merhaba Can\u0131m\u00a0\u00bb (Bonjour ch\u00e9ri) d&rsquo;Arkada\u015f Zekai \u00d6zger, retrace les 25 ann\u00e9es de vie du po\u00e8te \u00e0 travers ses po\u00e8mes, sa r\u00e9bellion artistique contre l&rsquo;h\u00e9t\u00e9ronormativit\u00e9 en Turquie, et les t\u00e9moignages de sa famille et de ses amis. Le documentaire se penche sur ses positions politiques, sa solitude, ses probl\u00e8mes de sant\u00e9, ainsi que sur son orientation sexuelle qui a suscit\u00e9 des r\u00e9actions en grandissant.<\/span><\/p>\n<\/div>\n","protected":false},"excerpt":{"rendered":"<p>MERHABA CANIM (BONJOUR CH\u00c9RI) De Ula\u015f Tosun Turquie, 2021 -58min- VO en turc STF Documentaire Le documentaire, dont le titre est tir\u00e9 du po\u00e8me \u00ab\u00a0Merhaba Can\u0131m\u00a0\u00bb (Bonjour ch\u00e9ri) d&rsquo;Arkada\u015f Zekai \u00d6zger, retrace les 25 ann\u00e9es de vie du po\u00e8te \u00e0 travers ses po\u00e8mes, sa r\u00e9bellion artistique contre l&rsquo;h\u00e9t\u00e9ronormativit\u00e9 en Turquie, et les t\u00e9moignages de sa&hellip;<\/p>\n","protected":false},"author":171,"featured_media":2539,"parent":789,"menu_order":2,"comment_status":"closed","ping_status":"closed","template":"template.event.php","meta":[],"_links":{"self":[{"href":"https:\/\/www.cinematurc.com\/festival\/paris\/2023\/wp-json\/wp\/v2\/pages\/1790"}],"collection":[{"href":"https:\/\/www.cinematurc.com\/festival\/paris\/2023\/wp-json\/wp\/v2\/pages"}],"about":[{"href":"https:\/\/www.cinematurc.com\/festival\/paris\/2023\/wp-json\/wp\/v2\/types\/page"}],"author":[{"embeddable":true,"href":"https:\/\/www.cinematurc.com\/festival\/paris\/2023\/wp-json\/wp\/v2\/users\/171"}],"replies":[{"embeddable":true,"href":"https:\/\/www.cinematurc.com\/festival\/paris\/2023\/wp-json\/wp\/v2\/comments?post=1790"}],"version-history":[{"count":2,"href":"https:\/\/www.cinematurc.com\/festival\/paris\/2023\/wp-json\/wp\/v2\/pages\/1790\/revisions"}],"predecessor-version":[{"id":2540,"href":"https:\/\/www.cinematurc.com\/festival\/paris\/2023\/wp-json\/wp\/v2\/pages\/1790\/revisions\/2540"}],"up":[{"embeddable":true,"href":"https:\/\/www.cinematurc.com\/festival\/paris\/2023\/wp-json\/wp\/v2\/pages\/789"}],"wp:featuredmedia":[{"embeddable":true,"href":"https:\/\/www.cinematurc.com\/festival\/paris\/2023\/wp-json\/wp\/v2\/media\/2539"}],"wp:attachment":[{"href":"https:\/\/www.cinematurc.com\/festival\/paris\/2023\/wp-json\/wp\/v2\/media?parent=1790"}],"curies":[{"name":"wp","href":"https:\/\/api.w.org\/{rel}","templated":true}]}}