{"id":2546,"date":"2023-03-09T15:51:19","date_gmt":"2023-03-09T14:51:19","guid":{"rendered":"https:\/\/www.cinematurc.com\/festival\/paris\/2023\/?page_id=2546"},"modified":"2023-03-14T14:51:33","modified_gmt":"2023-03-14T13:51:33","slug":"kabahat-la-culpabilite","status":"publish","type":"page","link":"https:\/\/www.cinematurc.com\/festival\/paris\/2023\/agenda\/09-dimanche\/kabahat-la-culpabilite\/","title":{"rendered":"Kabahat (La Culpabilit\u00e9)"},"content":{"rendered":"<div class=\"kvgmc6g5 cxmmr5t8 oygrvhab hcukyx3x c1et5uql\">\n<p><span style=\"font-weight: 400;\">De \u00dcmran Safter<br \/>\n<\/span><span style=\"font-weight: 400;\">Turquie, 2022 &#8211; 1h24\u2019 &#8211; VO en turc STF<\/span><\/p>\n<p><span style=\"font-weight: 400;\">Fiction<\/span><\/p>\n<p><span style=\"font-weight: 400;\">Reyhan est une jeune citadine qui passe ses vacances d&rsquo;\u00e9t\u00e9 dans la maison du village conservateur de sa grand-m\u00e8re. Elle vient d&rsquo;entrer dans la pubert\u00e9 et apprend qu&rsquo;elle doit faire ses ablutions (ghusl) lorsqu\u2019elle a ses r\u00e8gles, conform\u00e9ment \u00e0 la religion. Cependant, en raison de coupures d&rsquo;eau dans le village et de la d\u00e9t\u00e9rioration de la salle de bain, elle ne peut pas se doucher et doit faire face \u00e0 ses peurs. Le film <\/span><i><span style=\"font-weight: 400;\">Kabahat<\/span><\/i><span style=\"font-weight: 400;\"> d&rsquo;\u00dcmran Safter raconte la pression exerc\u00e9e par la soci\u00e9t\u00e9 et la honte li\u00e9es \u00e0 la f\u00e9minit\u00e9, \u00e0 travers les questionnements de Reyhan.\u00a0<\/span><\/p>\n<p>&nbsp;<\/p>\n<\/div>\n","protected":false},"excerpt":{"rendered":"<p>De \u00dcmran Safter Turquie, 2022 &#8211; 1h24\u2019 &#8211; VO en turc STF Fiction Reyhan est une jeune citadine qui passe ses vacances d&rsquo;\u00e9t\u00e9 dans la maison du village conservateur de sa grand-m\u00e8re. Elle vient d&rsquo;entrer dans la pubert\u00e9 et apprend qu&rsquo;elle doit faire ses ablutions (ghusl) lorsqu\u2019elle a ses r\u00e8gles, conform\u00e9ment \u00e0 la religion. Cependant,&hellip;<\/p>\n","protected":false},"author":171,"featured_media":2518,"parent":799,"menu_order":0,"comment_status":"closed","ping_status":"closed","template":"template.event.php","meta":[],"_links":{"self":[{"href":"https:\/\/www.cinematurc.com\/festival\/paris\/2023\/wp-json\/wp\/v2\/pages\/2546"}],"collection":[{"href":"https:\/\/www.cinematurc.com\/festival\/paris\/2023\/wp-json\/wp\/v2\/pages"}],"about":[{"href":"https:\/\/www.cinematurc.com\/festival\/paris\/2023\/wp-json\/wp\/v2\/types\/page"}],"author":[{"embeddable":true,"href":"https:\/\/www.cinematurc.com\/festival\/paris\/2023\/wp-json\/wp\/v2\/users\/171"}],"replies":[{"embeddable":true,"href":"https:\/\/www.cinematurc.com\/festival\/paris\/2023\/wp-json\/wp\/v2\/comments?post=2546"}],"version-history":[{"count":1,"href":"https:\/\/www.cinematurc.com\/festival\/paris\/2023\/wp-json\/wp\/v2\/pages\/2546\/revisions"}],"predecessor-version":[{"id":2547,"href":"https:\/\/www.cinematurc.com\/festival\/paris\/2023\/wp-json\/wp\/v2\/pages\/2546\/revisions\/2547"}],"up":[{"embeddable":true,"href":"https:\/\/www.cinematurc.com\/festival\/paris\/2023\/wp-json\/wp\/v2\/pages\/799"}],"wp:featuredmedia":[{"embeddable":true,"href":"https:\/\/www.cinematurc.com\/festival\/paris\/2023\/wp-json\/wp\/v2\/media\/2518"}],"wp:attachment":[{"href":"https:\/\/www.cinematurc.com\/festival\/paris\/2023\/wp-json\/wp\/v2\/media?parent=2546"}],"curies":[{"name":"wp","href":"https:\/\/api.w.org\/{rel}","templated":true}]}}