{"id":631,"date":"2015-03-02T17:56:30","date_gmt":"2015-03-02T16:56:30","guid":{"rendered":"https:\/\/www.cinematurc.com\/festival\/paris\/2023\/?page_id=631"},"modified":"2023-03-14T13:40:19","modified_gmt":"2023-03-14T12:40:19","slug":"cher-osman","status":"publish","type":"page","link":"https:\/\/www.cinematurc.com\/festival\/paris\/2023\/agenda\/06-jeudi\/cher-osman\/","title":{"rendered":"Cher Osman *"},"content":{"rendered":"<div class=\"kvgmc6g5 cxmmr5t8 oygrvhab hcukyx3x c1et5uql\">\n<p><span style=\"font-weight: 400;\">De Adrian Figueroa<br \/>\n<\/span><span style=\"font-weight: 400;\">Allemagne 2021 &#8211; 19min &#8211; VO en turc STF<\/span><\/p>\n<p><span style=\"font-weight: 400;\">Court-m\u00e9trage documentaire<\/span><\/p>\n<p><i><span style=\"font-weight: 400;\">Cher Osman<\/span><\/i><span style=\"font-weight: 400;\"> d&rsquo;Adrian Figueroa pr\u00e9sente des lettres priv\u00e9es envoy\u00e9es par la famille et les amis d\u2019Osman Kavala \u00e0 Silivri, la plus grande prison de haute s\u00e9curit\u00e9 d&rsquo;Europe o\u00f9 il est d\u00e9tenu. Les procureurs ont accus\u00e9 Kavala d&rsquo;avoir organis\u00e9 les manifestations de Gezi, puis d&rsquo;une implication dans la tentative de coup d&rsquo;\u00c9tat de 2016. Il est actuellement emprisonn\u00e9 \u00e0 perp\u00e9tuit\u00e9.<\/p>\n<p>En partenariat avec la F\u00e9d\u00e9ration internationale pour les droits humains (FIDH) et de la Ligue des droits de l&rsquo;Homme (LDH)<\/span><\/p>\n<\/div>\n","protected":false},"excerpt":{"rendered":"<p>De Adrian Figueroa Allemagne 2021 &#8211; 19min &#8211; VO en turc STF Court-m\u00e9trage documentaire Cher Osman d&rsquo;Adrian Figueroa pr\u00e9sente des lettres priv\u00e9es envoy\u00e9es par la famille et les amis d\u2019Osman Kavala \u00e0 Silivri, la plus grande prison de haute s\u00e9curit\u00e9 d&rsquo;Europe o\u00f9 il est d\u00e9tenu. Les procureurs ont accus\u00e9 Kavala d&rsquo;avoir organis\u00e9 les manifestations de&hellip;<\/p>\n","protected":false},"author":170,"featured_media":2528,"parent":773,"menu_order":0,"comment_status":"closed","ping_status":"closed","template":"template.event.php","meta":[],"_links":{"self":[{"href":"https:\/\/www.cinematurc.com\/festival\/paris\/2023\/wp-json\/wp\/v2\/pages\/631"}],"collection":[{"href":"https:\/\/www.cinematurc.com\/festival\/paris\/2023\/wp-json\/wp\/v2\/pages"}],"about":[{"href":"https:\/\/www.cinematurc.com\/festival\/paris\/2023\/wp-json\/wp\/v2\/types\/page"}],"author":[{"embeddable":true,"href":"https:\/\/www.cinematurc.com\/festival\/paris\/2023\/wp-json\/wp\/v2\/users\/170"}],"replies":[{"embeddable":true,"href":"https:\/\/www.cinematurc.com\/festival\/paris\/2023\/wp-json\/wp\/v2\/comments?post=631"}],"version-history":[{"count":8,"href":"https:\/\/www.cinematurc.com\/festival\/paris\/2023\/wp-json\/wp\/v2\/pages\/631\/revisions"}],"predecessor-version":[{"id":2586,"href":"https:\/\/www.cinematurc.com\/festival\/paris\/2023\/wp-json\/wp\/v2\/pages\/631\/revisions\/2586"}],"up":[{"embeddable":true,"href":"https:\/\/www.cinematurc.com\/festival\/paris\/2023\/wp-json\/wp\/v2\/pages\/773"}],"wp:featuredmedia":[{"embeddable":true,"href":"https:\/\/www.cinematurc.com\/festival\/paris\/2023\/wp-json\/wp\/v2\/media\/2528"}],"wp:attachment":[{"href":"https:\/\/www.cinematurc.com\/festival\/paris\/2023\/wp-json\/wp\/v2\/media?parent=631"}],"curies":[{"name":"wp","href":"https:\/\/api.w.org\/{rel}","templated":true}]}}