{"id":671,"date":"2014-07-21T20:03:31","date_gmt":"2014-07-21T19:03:31","guid":{"rendered":"http:\/\/www.gavick.com\/demo\/wordpress\/events\/?page_id=223"},"modified":"2023-03-14T13:31:54","modified_gmt":"2023-03-14T12:31:54","slug":"patrida","status":"publish","type":"page","link":"https:\/\/www.cinematurc.com\/festival\/paris\/2023\/agenda\/01-samedi\/patrida\/","title":{"rendered":"Patrida*"},"content":{"rendered":"<p><span style=\"font-weight: 400;\">PATRIDA<br \/>\n<\/span><span style=\"font-weight: 400;\">De Ay\u00e7a Damgac\u0131 et T\u00fcmay G\u00f6ktepe<br \/>\n<\/span><span style=\"font-weight: 400;\">Turquie, 2021 &#8211; 1h07\u2019 &#8211; VO en turc STF<br \/>\n<\/span><span style=\"font-weight: 400;\">Documentaire<\/span><\/p>\n<p><span style=\"font-weight: 400;\">Patrida, qui signifie \u00ab\u00a0patrie\u00a0\u00bb en grec, retrace la trajectoire de \u0130smet Damgac\u0131, grand-p\u00e8re de la r\u00e9alisatrice Ay\u00e7a Damgac\u0131, n\u00e9 en Gr\u00e8ce d&rsquo;o\u00f9 il est parti suite \u00e0 une migration forc\u00e9e. Le voyage du documentaire commence \u00e0 Istanbul, passe par Xanthi o\u00f9 il est n\u00e9 et se termine \u00e0 Zurich o\u00f9 il a grandi. Patrida remet en question les appartenances \u00ab\u00a0attribu\u00e9es\u00a0\u00bb et leur donne de nouvelles significations.<\/p>\n<p><\/span><\/p>\n","protected":false},"excerpt":{"rendered":"<p>PATRIDA De Ay\u00e7a Damgac\u0131 et T\u00fcmay G\u00f6ktepe Turquie, 2021 &#8211; 1h07\u2019 &#8211; VO en turc STF Documentaire Patrida, qui signifie \u00ab\u00a0patrie\u00a0\u00bb en grec, retrace la trajectoire de \u0130smet Damgac\u0131, grand-p\u00e8re de la r\u00e9alisatrice Ay\u00e7a Damgac\u0131, n\u00e9 en Gr\u00e8ce d&rsquo;o\u00f9 il est parti suite \u00e0 une migration forc\u00e9e. Le voyage du documentaire commence \u00e0 Istanbul, passe&hellip;<\/p>\n","protected":false},"author":170,"featured_media":2499,"parent":209,"menu_order":2,"comment_status":"closed","ping_status":"closed","template":"template.event.php","meta":[],"_links":{"self":[{"href":"https:\/\/www.cinematurc.com\/festival\/paris\/2023\/wp-json\/wp\/v2\/pages\/671"}],"collection":[{"href":"https:\/\/www.cinematurc.com\/festival\/paris\/2023\/wp-json\/wp\/v2\/pages"}],"about":[{"href":"https:\/\/www.cinematurc.com\/festival\/paris\/2023\/wp-json\/wp\/v2\/types\/page"}],"author":[{"embeddable":true,"href":"https:\/\/www.cinematurc.com\/festival\/paris\/2023\/wp-json\/wp\/v2\/users\/170"}],"replies":[{"embeddable":true,"href":"https:\/\/www.cinematurc.com\/festival\/paris\/2023\/wp-json\/wp\/v2\/comments?post=671"}],"version-history":[{"count":5,"href":"https:\/\/www.cinematurc.com\/festival\/paris\/2023\/wp-json\/wp\/v2\/pages\/671\/revisions"}],"predecessor-version":[{"id":2581,"href":"https:\/\/www.cinematurc.com\/festival\/paris\/2023\/wp-json\/wp\/v2\/pages\/671\/revisions\/2581"}],"up":[{"embeddable":true,"href":"https:\/\/www.cinematurc.com\/festival\/paris\/2023\/wp-json\/wp\/v2\/pages\/209"}],"wp:featuredmedia":[{"embeddable":true,"href":"https:\/\/www.cinematurc.com\/festival\/paris\/2023\/wp-json\/wp\/v2\/media\/2499"}],"wp:attachment":[{"href":"https:\/\/www.cinematurc.com\/festival\/paris\/2023\/wp-json\/wp\/v2\/media?parent=671"}],"curies":[{"name":"wp","href":"https:\/\/api.w.org\/{rel}","templated":true}]}}