{"id":925,"date":"2016-03-02T22:07:17","date_gmt":"2016-03-02T21:07:17","guid":{"rendered":"https:\/\/www.cinematurc.com\/festival\/paris\/2023\/?page_id=925"},"modified":"2023-03-16T12:03:52","modified_gmt":"2023-03-16T11:03:52","slug":"inauguration","status":"publish","type":"page","link":"https:\/\/www.cinematurc.com\/festival\/paris\/2023\/agenda\/jeudi-30\/inauguration\/","title":{"rendered":"INAUGURATION AU LOUXOR : Kurak G\u00fcnler (Burning Days)"},"content":{"rendered":"<p>La soir\u00e9e d&rsquo;inauguration de la 20e \u00e9dition du Festival du Cin\u00e9ma de Turquie aura lieu le jeudi 30 mars 2023 \u00e0 19h30 au Cin\u00e9ma Le Louxor.<\/p>\n<div class=\"kvgmc6g5 cxmmr5t8 oygrvhab hcukyx3x c1et5uql\">\n<p><span style=\"font-weight: 400;\"><strong>KURAK G\u00dcNLER (BURNING DAYS)<\/strong><br \/>\n<\/span><span style=\"font-weight: 400;\">De Emin Alper<br \/>\n<\/span><span style=\"font-weight: 400;\">Turquie, France, Allemagne, Pays-Bas, Gr\u00e8ce, Croatie, 2022 &#8211; 2h08\u2019 &#8211; VO en turc STF<br \/>\n(Laur\u00e9at du prix du meilleur monteur europ\u00e9en aux European\u00a0Film\u00a0Awards)<br \/>\n<\/span><\/p>\n<p><span style=\"font-weight: 400;\">Fiction<\/span><\/p>\n<p><span style=\"font-weight: 400;\">Emre, un jeune procureur engag\u00e9, est nouvellement nomm\u00e9 dans une petite ville frapp\u00e9e par une crise de l&rsquo;eau et des scandales politiques. Apr\u00e8s un accueil initial, il conna\u00eet un nombre croissant d&rsquo;interactions tendues et est entra\u00een\u00e9 \u00e0 contrec\u0153ur dans la politique locale. Lorsque Emre noue un lien avec le propri\u00e9taire du journal local, la pression s&rsquo;intensifie sous le coup de rumeurs enflamm\u00e9es.<\/span><\/p>\n<p>En partenariat avec l&rsquo;association L&rsquo;Usage du Monde au 21\u00e8me si\u00e8cle.<\/p>\n<\/div>\n<p><!-- \/wp:paragraph --><\/p>\n","protected":false},"excerpt":{"rendered":"<p>La soir\u00e9e d&rsquo;inauguration de la 20e \u00e9dition du Festival du Cin\u00e9ma de Turquie aura lieu le jeudi 30 mars 2023 \u00e0 19h30 au Cin\u00e9ma Le Louxor. KURAK G\u00dcNLER (BURNING DAYS) De Emin Alper Turquie, France, Allemagne, Pays-Bas, Gr\u00e8ce, Croatie, 2022 &#8211; 2h08\u2019 &#8211; VO en turc STF (Laur\u00e9at du prix du meilleur monteur europ\u00e9en aux&hellip;<\/p>\n","protected":false},"author":170,"featured_media":2483,"parent":926,"menu_order":0,"comment_status":"closed","ping_status":"closed","template":"template.event.php","meta":[],"_links":{"self":[{"href":"https:\/\/www.cinematurc.com\/festival\/paris\/2023\/wp-json\/wp\/v2\/pages\/925"}],"collection":[{"href":"https:\/\/www.cinematurc.com\/festival\/paris\/2023\/wp-json\/wp\/v2\/pages"}],"about":[{"href":"https:\/\/www.cinematurc.com\/festival\/paris\/2023\/wp-json\/wp\/v2\/types\/page"}],"author":[{"embeddable":true,"href":"https:\/\/www.cinematurc.com\/festival\/paris\/2023\/wp-json\/wp\/v2\/users\/170"}],"replies":[{"embeddable":true,"href":"https:\/\/www.cinematurc.com\/festival\/paris\/2023\/wp-json\/wp\/v2\/comments?post=925"}],"version-history":[{"count":5,"href":"https:\/\/www.cinematurc.com\/festival\/paris\/2023\/wp-json\/wp\/v2\/pages\/925\/revisions"}],"predecessor-version":[{"id":2612,"href":"https:\/\/www.cinematurc.com\/festival\/paris\/2023\/wp-json\/wp\/v2\/pages\/925\/revisions\/2612"}],"up":[{"embeddable":true,"href":"https:\/\/www.cinematurc.com\/festival\/paris\/2023\/wp-json\/wp\/v2\/pages\/926"}],"wp:featuredmedia":[{"embeddable":true,"href":"https:\/\/www.cinematurc.com\/festival\/paris\/2023\/wp-json\/wp\/v2\/media\/2483"}],"wp:attachment":[{"href":"https:\/\/www.cinematurc.com\/festival\/paris\/2023\/wp-json\/wp\/v2\/media?parent=925"}],"curies":[{"name":"wp","href":"https:\/\/api.w.org\/{rel}","templated":true}]}}